{"id":1440,"date":"2025-04-09T19:31:30","date_gmt":"2025-04-09T17:31:30","guid":{"rendered":"https:\/\/retroenoteca.fi\/?page_id=1440"},"modified":"2026-03-05T09:47:54","modified_gmt":"2026-03-05T07:47:54","slug":"about-us","status":"publish","type":"page","link":"https:\/\/retroenoteca.fi\/en\/about-us\/","title":{"rendered":"About Us"},"content":{"rendered":"<div data-elementor-type=\"wp-page\" data-elementor-id=\"1440\" class=\"elementor elementor-1440\" data-elementor-post-type=\"page\">\n\t\t\t\t<div class=\"elementor-element elementor-element-83e62a6 e-con-full e-flex e-con e-parent\" data-id=\"83e62a6\" data-element_type=\"container\" data-settings=\"{&quot;background_background&quot;:&quot;classic&quot;}\">\n\t\t<div class=\"elementor-element elementor-element-2eda2c45 e-con-full e-flex e-con e-child\" data-id=\"2eda2c45\" data-element_type=\"container\">\n\t\t\t\t<div class=\"elementor-element elementor-element-195ae680 elementor-widget elementor-widget-heading\" data-id=\"195ae680\" data-element_type=\"widget\" data-widget_type=\"heading.default\">\n\t\t\t\t<div class=\"elementor-widget-container\">\n\t\t\t<style>\/*! elementor - v3.23.0 - 05-08-2024 *\/\n.elementor-heading-title{padding:0;margin:0;line-height:1}.elementor-widget-heading .elementor-heading-title[class*=elementor-size-]>a{color:inherit;font-size:inherit;line-height:inherit}.elementor-widget-heading .elementor-heading-title.elementor-size-small{font-size:15px}.elementor-widget-heading .elementor-heading-title.elementor-size-medium{font-size:19px}.elementor-widget-heading .elementor-heading-title.elementor-size-large{font-size:29px}.elementor-widget-heading .elementor-heading-title.elementor-size-xl{font-size:39px}.elementor-widget-heading .elementor-heading-title.elementor-size-xxl{font-size:59px}<\/style><h1 class=\"elementor-heading-title elementor-size-default\"><i>Tietoa meist\u00e4<\/i><\/h1>\t\t<\/div>\n\t\t\t\t<\/div>\n\t\t\t\t<\/div>\n\t\t\t\t<\/div>\n\t\t<div class=\"elementor-element elementor-element-2c3c11ae e-con-full e-flex e-con e-parent\" data-id=\"2c3c11ae\" data-element_type=\"container\" data-settings=\"{&quot;background_background&quot;:&quot;classic&quot;}\">\n\t\t<div class=\"elementor-element elementor-element-5bcf6a03 e-con-full e-flex e-con e-child\" data-id=\"5bcf6a03\" data-element_type=\"container\">\n\t\t\t\t<div class=\"elementor-element elementor-element-368517d1 elementor-widget elementor-widget-text-editor\" data-id=\"368517d1\" data-element_type=\"widget\" data-widget_type=\"text-editor.default\">\n\t\t\t\t<div class=\"elementor-widget-container\">\n\t\t\t<style>\/*! elementor - v3.23.0 - 05-08-2024 *\/\n.elementor-widget-text-editor.elementor-drop-cap-view-stacked .elementor-drop-cap{background-color:#69727d;color:#fff}.elementor-widget-text-editor.elementor-drop-cap-view-framed .elementor-drop-cap{color:#69727d;border:3px solid;background-color:transparent}.elementor-widget-text-editor:not(.elementor-drop-cap-view-default) .elementor-drop-cap{margin-top:8px}.elementor-widget-text-editor:not(.elementor-drop-cap-view-default) .elementor-drop-cap-letter{width:1em;height:1em}.elementor-widget-text-editor .elementor-drop-cap{float:left;text-align:center;line-height:1;font-size:50px}.elementor-widget-text-editor .elementor-drop-cap-letter{display:inline-block}<\/style>\t\t\t\t<p><em>Welcome to Retro Enoteca, an Italian-inspired restaurant in Kaisaniemi, Helsinki!\n Opened in the autumn of 2024, Retro Enoteca combines the rich flavors of Italian cuisine, unique wines, and a warm atmosphere\u2014creating the perfect meeting place in the heart of the city.<\/em><br \/><br \/><em>Our inspiration comes from the Italian lifestyle, antique markets, and classic culinary experiences. Our menu features fresh pasta and modernized versions of traditional dishes that honor their roots.\u00a0<span style=\"color: var( --e-global-color-text );\">Our wine selection is made up of carefully curated Italian wines imported directly by us\u2014many of which you won\u2019t find anywhere else in Finland.<br \/><br \/><\/span>The restaurant\u2019s interior exudes the charm of past decades with authentic vintage items, offering an intimate and stylish setting for dining. The kitchen is led by Jesse Vottonen, while Jari Paananen is in charge of the front of house. The concept is the brainchild of Jussi Hukkanen, whose longtime dream of opening an Italian restaurant has now come true.<\/em><br \/><br \/><em>Retro Enoteca is open seven days a week, also for lunch, and warmly invites you to enjoy the very best of Italian cuisine!<\/em><\/p>\t\t\t\t\t\t<\/div>\n\t\t\t\t<\/div>\n\t\t\t\t<\/div>\n\t\t\t\t<\/div>\n\t\t<div class=\"elementor-element elementor-element-3ea0f921 e-con-full e-flex e-con e-parent\" data-id=\"3ea0f921\" data-element_type=\"container\" data-settings=\"{&quot;background_background&quot;:&quot;classic&quot;}\">\n\t\t\t\t<div class=\"elementor-element elementor-element-58638c77 elementor-arrows-position-inside elementor-widget elementor-widget-image-carousel\" data-id=\"58638c77\" data-element_type=\"widget\" data-settings=\"{&quot;slides_to_show&quot;:&quot;3&quot;,&quot;navigation&quot;:&quot;arrows&quot;,&quot;image_spacing_custom_tablet&quot;:{&quot;unit&quot;:&quot;custom&quot;,&quot;size&quot;:&quot;&quot;,&quot;sizes&quot;:[]},&quot;slides_to_show_mobile&quot;:&quot;1&quot;,&quot;autoplay&quot;:&quot;yes&quot;,&quot;pause_on_hover&quot;:&quot;yes&quot;,&quot;pause_on_interaction&quot;:&quot;yes&quot;,&quot;autoplay_speed&quot;:5000,&quot;infinite&quot;:&quot;yes&quot;,&quot;speed&quot;:500,&quot;image_spacing_custom&quot;:{&quot;unit&quot;:&quot;px&quot;,&quot;size&quot;:20,&quot;sizes&quot;:[]}}\" data-widget_type=\"image-carousel.default\">\n\t\t\t\t<div class=\"elementor-widget-container\">\n\t\t\t<style>\/*! elementor - v3.23.0 - 05-08-2024 *\/\n.elementor-widget-image-carousel .swiper,.elementor-widget-image-carousel .swiper-container{position:static}.elementor-widget-image-carousel .swiper-container .swiper-slide figure,.elementor-widget-image-carousel .swiper .swiper-slide figure{line-height:inherit}.elementor-widget-image-carousel .swiper-slide{text-align:center}.elementor-image-carousel-wrapper:not(.swiper-container-initialized):not(.swiper-initialized) .swiper-slide{max-width:calc(100% \/ var(--e-image-carousel-slides-to-show, 3))}<\/style>\t\t<div class=\"elementor-image-carousel-wrapper swiper\" dir=\"ltr\">\n\t\t\t<div class=\"elementor-image-carousel swiper-wrapper\" aria-live=\"off\">\n\t\t\t\t\t\t\t\t<div class=\"swiper-slide\" role=\"group\" aria-roledescription=\"slide\" aria-label=\"1 of 10\"><figure class=\"swiper-slide-inner\"><img decoding=\"async\" class=\"swiper-slide-image\" src=\"https:\/\/retroenoteca.fi\/wp-content\/uploads\/2025\/04\/2.png\" alt=\"2\" \/><\/figure><\/div><div class=\"swiper-slide\" role=\"group\" aria-roledescription=\"slide\" aria-label=\"2 of 10\"><figure class=\"swiper-slide-inner\"><img decoding=\"async\" class=\"swiper-slide-image\" src=\"https:\/\/retroenoteca.fi\/wp-content\/uploads\/2025\/04\/10.png\" alt=\"10\" \/><\/figure><\/div><div class=\"swiper-slide\" role=\"group\" aria-roledescription=\"slide\" aria-label=\"3 of 10\"><figure class=\"swiper-slide-inner\"><img decoding=\"async\" class=\"swiper-slide-image\" src=\"https:\/\/retroenoteca.fi\/wp-content\/uploads\/2025\/04\/4.png\" alt=\"4\" \/><\/figure><\/div><div class=\"swiper-slide\" role=\"group\" aria-roledescription=\"slide\" aria-label=\"4 of 10\"><figure class=\"swiper-slide-inner\"><img decoding=\"async\" class=\"swiper-slide-image\" src=\"https:\/\/retroenoteca.fi\/wp-content\/uploads\/2025\/04\/9.png\" alt=\"9\" \/><\/figure><\/div><div class=\"swiper-slide\" role=\"group\" aria-roledescription=\"slide\" aria-label=\"5 of 10\"><figure class=\"swiper-slide-inner\"><img decoding=\"async\" class=\"swiper-slide-image\" src=\"https:\/\/retroenoteca.fi\/wp-content\/uploads\/2025\/04\/1.png\" alt=\"1\" \/><\/figure><\/div><div class=\"swiper-slide\" role=\"group\" aria-roledescription=\"slide\" aria-label=\"6 of 10\"><figure class=\"swiper-slide-inner\"><img decoding=\"async\" class=\"swiper-slide-image\" src=\"https:\/\/retroenoteca.fi\/wp-content\/uploads\/2025\/04\/3.png\" alt=\"3\" \/><\/figure><\/div><div class=\"swiper-slide\" role=\"group\" aria-roledescription=\"slide\" aria-label=\"7 of 10\"><figure class=\"swiper-slide-inner\"><img decoding=\"async\" class=\"swiper-slide-image\" src=\"https:\/\/retroenoteca.fi\/wp-content\/uploads\/2025\/07\/Retro-huonekalut-nettisivuille.png\" alt=\"Retro huonekalut (nettisivuille)\" \/><\/figure><\/div><div class=\"swiper-slide\" role=\"group\" aria-roledescription=\"slide\" aria-label=\"8 of 10\"><figure class=\"swiper-slide-inner\"><img decoding=\"async\" class=\"swiper-slide-image\" src=\"https:\/\/retroenoteca.fi\/wp-content\/uploads\/2025\/04\/6.png\" alt=\"6\" \/><\/figure><\/div><div class=\"swiper-slide\" role=\"group\" aria-roledescription=\"slide\" aria-label=\"9 of 10\"><figure class=\"swiper-slide-inner\"><img decoding=\"async\" class=\"swiper-slide-image\" src=\"https:\/\/retroenoteca.fi\/wp-content\/uploads\/2025\/04\/7.png\" alt=\"7\" \/><\/figure><\/div><div class=\"swiper-slide\" role=\"group\" aria-roledescription=\"slide\" aria-label=\"10 of 10\"><figure class=\"swiper-slide-inner\"><img decoding=\"async\" class=\"swiper-slide-image\" src=\"https:\/\/retroenoteca.fi\/wp-content\/uploads\/2025\/04\/8.png\" alt=\"8\" \/><\/figure><\/div>\t\t\t<\/div>\n\t\t\t\t\t\t\t\t\t\t\t\t<div class=\"elementor-swiper-button elementor-swiper-button-prev\" role=\"button\" tabindex=\"0\">\n\t\t\t\t\t\t<svg aria-hidden=\"true\" class=\"e-font-icon-svg e-eicon-chevron-left\" viewbox=\"0 0 1000 1000\" xmlns=\"http:\/\/www.w3.org\/2000\/svg\"><path d=\"M646 125C629 125 613 133 604 142L308 442C296 454 292 471 292 487 292 504 296 521 308 533L604 854C617 867 629 875 646 875 663 875 679 871 692 858 704 846 713 829 713 812 713 796 708 779 692 767L438 487 692 225C700 217 708 204 708 187 708 171 704 154 692 142 675 129 663 125 646 125Z\"><\/path><\/svg>\t\t\t\t\t<\/div>\n\t\t\t\t\t<div class=\"elementor-swiper-button elementor-swiper-button-next\" role=\"button\" tabindex=\"0\">\n\t\t\t\t\t\t<svg aria-hidden=\"true\" class=\"e-font-icon-svg e-eicon-chevron-right\" viewbox=\"0 0 1000 1000\" xmlns=\"http:\/\/www.w3.org\/2000\/svg\"><path d=\"M696 533C708 521 713 504 713 487 713 471 708 454 696 446L400 146C388 133 375 125 354 125 338 125 325 129 313 142 300 154 292 171 292 187 292 204 296 221 308 233L563 492 304 771C292 783 288 800 288 817 288 833 296 850 308 863 321 871 338 875 354 875 371 875 388 867 400 854L696 533Z\"><\/path><\/svg>\t\t\t\t\t<\/div>\n\t\t\t\t\n\t\t\t\t\t\t\t\t\t<\/div>\n\t\t\t\t<\/div>\n\t\t\t\t<\/div>\n\t\t\t\t<\/div>\n\t\t<div class=\"elementor-element elementor-element-2818fe8b e-flex e-con-boxed e-con e-parent\" data-id=\"2818fe8b\" data-element_type=\"container\">\n\t\t\t\t\t<div class=\"e-con-inner\">\n\t\t<div class=\"elementor-element elementor-element-a4df67b e-con-full e-flex e-con e-child\" data-id=\"a4df67b\" data-element_type=\"container\" data-settings=\"{&quot;background_background&quot;:&quot;classic&quot;}\">\n\t\t\t\t<div class=\"elementor-element elementor-element-2f63b20d elementor-widget elementor-widget-heading\" data-id=\"2f63b20d\" data-element_type=\"widget\" data-widget_type=\"heading.default\">\n\t\t\t\t<div class=\"elementor-widget-container\">\n\t\t\t<h2 class=\"elementor-heading-title elementor-size-default\"><i>Subscribe to Retro Enoteca's Newsletter<\/i><\/h2>\t\t<\/div>\n\t\t\t\t<\/div>\n\t\t\t\t<div class=\"elementor-element elementor-element-1ac24142 elementor-widget elementor-widget-html\" data-id=\"1ac24142\" data-element_type=\"widget\" data-widget_type=\"html.default\">\n\t\t\t\t<div class=\"elementor-widget-container\">\n\t\t\t<center>\n  <div id=\"mc_embed_shell\">\n    <link href=\"\/\/cdn-images.mailchimp.com\/embedcode\/classic-061523.css\" rel=\"stylesheet\" type=\"text\/css\">\n    <style type=\"text\/css\">\n      #mc_embed_signup {\n        clear: left;\n        font: 14px Helvetica, Arial, sans-serif;\n        width: 100%; \/* Make width responsive *\/\n        max-width: 600px; \/* Limit the maximum width *\/\n        margin: 0 auto; \/* Center align *\/\n        padding: 20px; \/* Add some padding *\/\n        box-sizing: border-box; \/* Include padding in the width *\/\n      }\n\n      .mc-field-group {\n        width: 100%; \/* Full width for input fields *\/\n        margin-bottom: 15px; \/* Add spacing between elements *\/\n      }\n\n      .button {\n        background-color: #000; \/* Black background *\/\n        color: #fff; \/* White text *\/\n        font-size: 1.2rem; \/* Adjust font size *\/\n        font-weight: bold; \/* Bold text *\/\n        padding: 25px; \/* Padding around the text *\/\n        border: 2px solid #fff; \n        cursor: pointer; \/* Pointer cursor on hover *\/\n        text-transform: uppercase; \/* Uppercase text *\/\n        text-align: center; \/* Center text *\/\n        font-family: Arial, Helvetica, sans-serif; \/* Font styling *\/\n        outline: solid #ffffff \/* Remove default outline *\/\n        position: relative; \/* Needed for shadow effect *\/\n        transition: all 0.3s ease; \/* Smooth transition for hover effect *\/\n        box-shadow: -4px 3px 0px #333; \/* Shadow effect *\/\n      }\n\n      .button:hover {\n        background-color: #0056b3; \/* Optional: Add hover effect *\/\n      }\n\n      @media (max-width: 600px) {\n        #mc_embed_signup {\n          padding: 10px; \/* Reduce padding on smaller screens *\/\n        }\n      }\n    <\/style>\n    <div id=\"mc_embed_signup\">\n      <form action=\"https:\/\/smoothly.us9.list-manage.com\/subscribe\/post?u=1aff9887f462c884c5c0b4c35&amp;id=24d241cd8e&amp;f_id=00cd6ee1f0\" method=\"post\" id=\"mc-embedded-subscribe-form\" name=\"mc-embedded-subscribe-form\" class=\"validate\" target=\"_blank\">\n        <div id=\"mc_embed_signup_scroll\">\n          \n          <div class=\"mc-field-group\">\n            <label for=\"mce-EMAIL\">Email <span class=\"asterisk\">*<\/span><\/label>\n            <input type=\"email\" name=\"EMAIL\" class=\"required email\" id=\"mce-EMAIL\" required=\"\" value=\"\" style=\"width: 100%; padding: 10px; box-sizing: border-box;\">\n          <\/div>\n          <div hidden=\"\">\n            <input type=\"hidden\" name=\"tags\" value=\"12980300\">\n          <\/div>\n          <div id=\"mce-responses\" class=\"clear\">\n            <div class=\"response\" id=\"mce-error-response\" style=\"display: none;\"><\/div>\n            <div class=\"response\" id=\"mce-success-response\" style=\"display: none;\"><\/div>\n          <\/div>\n          <div style=\"position: absolute; left: -5000px;\" aria-hidden=\"true\">\n            <input type=\"text\" name=\"b_1aff9887f462c884c5c0b4c35_24d241cd8e\" tabindex=\"-1\" value=\"\">\n          <\/div>\n          <div class=\"clear\">\n            <input type=\"submit\" name=\"subscribe\" id=\"mc-embedded-subscribe\" class=\"button\" value=\"Subscribe\">\n          <\/div>\n        <\/div>\n      <\/form>\n    <\/div>\n    <script type=\"text\/javascript\" src=\"\/\/s3.amazonaws.com\/downloads.mailchimp.com\/js\/mc-validate.js\"><\/script>\n    <script type=\"text\/javascript\">\n      (function($) {\n        window.fnames = new Array();\n        window.ftypes = new Array();\n        fnames[0] = 'EMAIL';\n        ftypes[0] = 'email';\n        \/*\n         * Translated default messages for the $ validation plugin.\n         * Locale: FI\n         *\/\n        $.extend($.validator.messages, {\n          required: \"T&auml;m&auml; kentt&auml; on pakollinen.\",\n          maxlength: $.validator.format(\"Voit sy&ouml;tt&auml;&auml; enint&auml;&auml;n {0} merkki&auml;.\"),\n          minlength: $.validator.format(\"V&auml;hint&auml;&auml;n {0} merkki&auml;.\"),\n          rangelength: $.validator.format(\"Sy&ouml;t&auml; v&auml;hint&auml;&auml;n {0} ja enint&auml;&auml;n {1} merkki&auml;.\"),\n          email: \"Sy&ouml;t&auml; oikea s&auml;hk&ouml;postiosoite.\",\n          url: \"Sy&ouml;t&auml; oikea URL osoite.\",\n          date: \"Sy&ouml;t&auml; oike p&auml;iv&auml;m&auml;&auml;r&auml;.\",\n          dateISO: \"Sy&ouml;t&auml; oike p&auml;iv&auml;m&auml;&auml;r&auml; (VVVV-MM-DD).\",\n          number: \"Sy&ouml;t&auml; numero.\",\n          digits: \"Sy&ouml;t&auml; pelk&auml;st&auml;&auml;n numeroita.\",\n          equalTo: \"Sy&ouml;t&auml; sama arvo uudestaan.\",\n          range: $.validator.format(\"Sy&ouml;t&auml; arvo {0} ja {1} v&auml;lilt&auml;.\"),\n          max: $.validator.format(\"Sy&ouml;t&auml; arvo joka on yht&auml; suuri tai suurempi kuin {0}.\"),\n          min: $.validator.format(\"Sy&ouml;t&auml; arvo joka on pienempi tai yht&auml; suuri kuin {0}.\"),\n          creditcard: \"Sy&ouml;t&auml; voimassa oleva luottokorttinumero.\"\n        });\n      }(jQuery));\n      var $mcj = jQuery.noConflict(true);\n    <\/script>\n  <\/div>\n<\/center>\n\t\t<\/div>\n\t\t\t\t<\/div>\n\t\t\t\t<\/div>\n\t\t\t\t\t<\/div>\n\t\t\t\t<\/div>\n\t\t\t\t<\/div>","protected":false},"excerpt":{"rendered":"<p>Tietoa meist\u00e4 Tervetuloa Retro Enotecaan, italialaishenkiseen ravintolaan Helsingin Kaisaniemess\u00e4! Syksyll\u00e4 2024 avattu Retro Enoteca yhdist\u00e4\u00e4 italialaisen keitti\u00f6n rikkaat maut, ainutlaatuiset viinit ja l\u00e4mpim\u00e4n tunnelman, luoden t\u00e4ydellisen kohtaamispaikan kaupungin syd\u00e4mess\u00e4. Inspiraatiomme kumpuaa italialaisesta el\u00e4m\u00e4ntyylist\u00e4, antiikkitoreista ja klassisista makuel\u00e4myksist\u00e4. Listaltamme l\u00f6yd\u00e4t tuorepastaa, sek\u00e4 klassisia annoksia modernisoituna, jotka kunnioittavat perinteit\u00e4.\u00a0Viinivalikoimamme koostuu huolella valituista oman maahantuonnin italialaisista viineist\u00e4, joita [&hellip;]<\/p>","protected":false},"author":1,"featured_media":0,"parent":0,"menu_order":0,"comment_status":"closed","ping_status":"closed","template":"","meta":{"rank_math_lock_modified_date":false,"_improvement_type_select":"improve_an_existing","_thumb_yes_seoaic":false,"_frame_yes_seoaic":false,"seoaic_generate_description":"","seoaic_improve_instructions_prompt":"","seoaic_rollback_content_improvement":"","seoaic_idea_thumbnail_generator":"","thumbnail_generated":false,"thumbnail_generate_prompt":"","seoaic_article_description":"","footnotes":""},"class_list":["post-1440","page","type-page","status-publish","hentry"],"_links":{"self":[{"href":"https:\/\/retroenoteca.fi\/en\/wp-json\/wp\/v2\/pages\/1440","targetHints":{"allow":["GET"]}}],"collection":[{"href":"https:\/\/retroenoteca.fi\/en\/wp-json\/wp\/v2\/pages"}],"about":[{"href":"https:\/\/retroenoteca.fi\/en\/wp-json\/wp\/v2\/types\/page"}],"author":[{"embeddable":true,"href":"https:\/\/retroenoteca.fi\/en\/wp-json\/wp\/v2\/users\/1"}],"replies":[{"embeddable":true,"href":"https:\/\/retroenoteca.fi\/en\/wp-json\/wp\/v2\/comments?post=1440"}],"version-history":[{"count":0,"href":"https:\/\/retroenoteca.fi\/en\/wp-json\/wp\/v2\/pages\/1440\/revisions"}],"wp:attachment":[{"href":"https:\/\/retroenoteca.fi\/en\/wp-json\/wp\/v2\/media?parent=1440"}],"curies":[{"name":"wp","href":"https:\/\/api.w.org\/{rel}","templated":true}]}}