{"id":2597,"date":"2025-11-04T12:53:58","date_gmt":"2025-11-04T10:53:58","guid":{"rendered":"https:\/\/retroenoteca.fi\/?page_id=2597"},"modified":"2026-03-05T09:43:28","modified_gmt":"2026-03-05T07:43:28","slug":"vintage-tour","status":"publish","type":"page","link":"https:\/\/retroenoteca.fi\/en\/vintage-tour\/","title":{"rendered":"Vintage Tour"},"content":{"rendered":"<div data-elementor-type=\"wp-page\" data-elementor-id=\"2597\" class=\"elementor elementor-2597\" data-elementor-post-type=\"page\">\n\t\t\t\t<div class=\"elementor-element elementor-element-2c33828a e-con-full e-flex e-con e-parent\" data-id=\"2c33828a\" data-element_type=\"container\" data-settings=\"{&quot;background_background&quot;:&quot;classic&quot;}\">\n\t\t<div class=\"elementor-element elementor-element-492f85ec e-con-full e-flex e-con e-child\" data-id=\"492f85ec\" data-element_type=\"container\">\n\t\t\t\t<div class=\"elementor-element elementor-element-31d60f1c elementor-widget elementor-widget-heading\" data-id=\"31d60f1c\" data-element_type=\"widget\" data-widget_type=\"heading.default\">\n\t\t\t\t<div class=\"elementor-widget-container\">\n\t\t\t<style>\/*! elementor - v3.23.0 - 05-08-2024 *\/\n.elementor-heading-title{padding:0;margin:0;line-height:1}.elementor-widget-heading .elementor-heading-title[class*=elementor-size-]>a{color:inherit;font-size:inherit;line-height:inherit}.elementor-widget-heading .elementor-heading-title.elementor-size-small{font-size:15px}.elementor-widget-heading .elementor-heading-title.elementor-size-medium{font-size:19px}.elementor-widget-heading .elementor-heading-title.elementor-size-large{font-size:29px}.elementor-widget-heading .elementor-heading-title.elementor-size-xl{font-size:39px}.elementor-widget-heading .elementor-heading-title.elementor-size-xxl{font-size:59px}<\/style><h1 class=\"elementor-heading-title elementor-size-default\"><i>Retro  360\u00b0 Vintage Tour<\/i><\/h1>\t\t<\/div>\n\t\t\t\t<\/div>\n\t\t\t\t<\/div>\n\t\t\t\t<\/div>\n\t\t<div class=\"elementor-element elementor-element-3db9bb2f e-con-full e-flex e-con e-parent\" data-id=\"3db9bb2f\" data-element_type=\"container\" data-settings=\"{&quot;background_background&quot;:&quot;classic&quot;}\">\n\t\t<div class=\"elementor-element elementor-element-5e961221 e-con-full e-flex e-con e-child\" data-id=\"5e961221\" data-element_type=\"container\" data-settings=\"{&quot;background_background&quot;:&quot;classic&quot;}\">\n\t\t<div class=\"elementor-element elementor-element-7e0cfa28 e-con-full e-flex e-con e-child\" data-id=\"7e0cfa28\" data-element_type=\"container\">\n\t\t\t\t<div class=\"elementor-element elementor-element-7ac8bec elementor-widget elementor-widget-text-editor\" data-id=\"7ac8bec\" data-element_type=\"widget\" data-widget_type=\"text-editor.default\">\n\t\t\t\t<div class=\"elementor-widget-container\">\n\t\t\t<style>\/*! elementor - v3.23.0 - 05-08-2024 *\/\n.elementor-widget-text-editor.elementor-drop-cap-view-stacked .elementor-drop-cap{background-color:#69727d;color:#fff}.elementor-widget-text-editor.elementor-drop-cap-view-framed .elementor-drop-cap{color:#69727d;border:3px solid;background-color:transparent}.elementor-widget-text-editor:not(.elementor-drop-cap-view-default) .elementor-drop-cap{margin-top:8px}.elementor-widget-text-editor:not(.elementor-drop-cap-view-default) .elementor-drop-cap-letter{width:1em;height:1em}.elementor-widget-text-editor .elementor-drop-cap{float:left;text-align:center;line-height:1;font-size:50px}.elementor-widget-text-editor .elementor-drop-cap-letter{display:inline-block}<\/style>\t\t\t\t<div id=\"message-list_1761920443.754369\" class=\"c-virtual_list__item\" tabindex=\"0\" role=\"listitem\" aria-setsize=\"-1\" data-qa=\"virtual-list-item\" data-item-key=\"1761920443.754369\"><div class=\"c-message_kit__background p-message_pane_message__message c-message_kit__message\" role=\"presentation\" data-qa=\"message_container\" data-qa-unprocessed=\"false\" data-qa-placeholder=\"false\"><div class=\"c-message_kit__hover\" role=\"document\" aria-roledescription=\"message\" data-qa-hover=\"true\"><div class=\"c-message_kit__actions c-message_kit__actions--above\"><div class=\"c-message_kit__gutter\"><div class=\"c-message_kit__gutter__right\" role=\"presentation\" data-qa=\"message_content\"><div class=\"c-message_kit__blocks c-message_kit__blocks--rich_text\"><div class=\"c-message__message_blocks c-message__message_blocks--rich_text\" data-qa=\"message-text\"><div class=\"p-block_kit_renderer\" data-qa=\"block-kit-renderer\"><div class=\"p-block_kit_renderer__block_wrapper p-block_kit_renderer__block_wrapper--first\"><div class=\"p-rich_text_block\" dir=\"auto\"><div class=\"p-rich_text_section\">Retro Enoteca has gathered a collection of vintage treasures from past decades of Finland and Italy. You can explore them here 24\/7.<\/div><\/div><\/div><\/div><\/div><\/div><\/div><\/div><\/div><\/div><\/div><\/div>\t\t\t\t\t\t<\/div>\n\t\t\t\t<\/div>\n\t\t\t\t<\/div>\n\t\t\t\t<\/div>\n\t\t\t\t<div class=\"elementor-element elementor-element-b55fe08 elementor-widget elementor-widget-html\" data-id=\"b55fe08\" data-element_type=\"widget\" data-widget_type=\"html.default\">\n\t\t\t\t<div class=\"elementor-widget-container\">\n\t\t\t<iframe width=\"100%\" height=\"640\" frameborder=\"0\" allow=\"xr-spatial-tracking; gyroscope; accelerometer\" allowfullscreen scrolling=\"no\" src=\"https:\/\/kuula.co\/share\/collection\/7HhMw?logo=1&info=1&fs=1&vr=0&sd=1&thumbs=1\"><\/iframe>\t\t<\/div>\n\t\t\t\t<\/div>\n\t\t<div class=\"elementor-element elementor-element-6d12482 e-flex e-con-boxed e-con e-child\" data-id=\"6d12482\" data-element_type=\"container\">\n\t\t\t\t\t<div class=\"e-con-inner\">\n\t\t\t\t\t<\/div>\n\t\t\t\t<\/div>\n\t\t\t\t<\/div>\n\t\t<div class=\"elementor-element elementor-element-5452d079 e-flex e-con-boxed e-con e-parent\" data-id=\"5452d079\" data-element_type=\"container\">\n\t\t\t\t\t<div class=\"e-con-inner\">\n\t\t<div class=\"elementor-element elementor-element-703573e4 e-con-full e-flex e-con e-child\" data-id=\"703573e4\" data-element_type=\"container\" data-settings=\"{&quot;background_background&quot;:&quot;classic&quot;}\">\n\t\t\t\t<div class=\"elementor-element elementor-element-53bf5cfd elementor-widget elementor-widget-heading\" data-id=\"53bf5cfd\" data-element_type=\"widget\" data-widget_type=\"heading.default\">\n\t\t\t\t<div class=\"elementor-widget-container\">\n\t\t\t<h2 class=\"elementor-heading-title elementor-size-default\"><i>Subscribe to Retro Enoteca's Newsletter<\/i><\/h2>\t\t<\/div>\n\t\t\t\t<\/div>\n\t\t\t\t<div class=\"elementor-element elementor-element-45d203bf elementor-widget elementor-widget-html\" data-id=\"45d203bf\" data-element_type=\"widget\" data-widget_type=\"html.default\">\n\t\t\t\t<div class=\"elementor-widget-container\">\n\t\t\t<center>\n  <div id=\"mc_embed_shell\">\n    <link href=\"\/\/cdn-images.mailchimp.com\/embedcode\/classic-061523.css\" rel=\"stylesheet\" type=\"text\/css\">\n    <style type=\"text\/css\">\n      #mc_embed_signup {\n        clear: left;\n        font: 14px Helvetica, Arial, sans-serif;\n        width: 100%; \/* Make width responsive *\/\n        max-width: 600px; \/* Limit the maximum width *\/\n        margin: 0 auto; \/* Center align *\/\n        padding: 20px; \/* Add some padding *\/\n        box-sizing: border-box; \/* Include padding in the width *\/\n      }\n\n      .mc-field-group {\n        width: 100%; \/* Full width for input fields *\/\n        margin-bottom: 15px; \/* Add spacing between elements *\/\n      }\n\n      .button {\n        background-color: #000; \/* Black background *\/\n        color: #fff; \/* White text *\/\n        font-size: 1.2rem; \/* Adjust font size *\/\n        font-weight: bold; \/* Bold text *\/\n        padding: 25px; \/* Padding around the text *\/\n        border: 2px solid #fff; \n        cursor: pointer; \/* Pointer cursor on hover *\/\n        text-transform: uppercase; \/* Uppercase text *\/\n        text-align: center; \/* Center text *\/\n        font-family: Arial, Helvetica, sans-serif; \/* Font styling *\/\n        outline: solid #ffffff \/* Remove default outline *\/\n        position: relative; \/* Needed for shadow effect *\/\n        transition: all 0.3s ease; \/* Smooth transition for hover effect *\/\n        box-shadow: -4px 3px 0px #333; \/* Shadow effect *\/\n      }\n\n      .button:hover {\n        background-color: #0056b3; \/* Optional: Add hover effect *\/\n      }\n\n      @media (max-width: 600px) {\n        #mc_embed_signup {\n          padding: 10px; \/* Reduce padding on smaller screens *\/\n        }\n      }\n    <\/style>\n    <div id=\"mc_embed_signup\">\n      <form action=\"https:\/\/smoothly.us9.list-manage.com\/subscribe\/post?u=1aff9887f462c884c5c0b4c35&amp;id=24d241cd8e&amp;f_id=00cd6ee1f0\" method=\"post\" id=\"mc-embedded-subscribe-form\" name=\"mc-embedded-subscribe-form\" class=\"validate\" target=\"_blank\">\n        <div id=\"mc_embed_signup_scroll\">\n          \n          <div class=\"mc-field-group\">\n            <label for=\"mce-EMAIL\">Email <span class=\"asterisk\">*<\/span><\/label>\n            <input type=\"email\" name=\"EMAIL\" class=\"required email\" id=\"mce-EMAIL\" required=\"\" value=\"\" style=\"width: 100%; padding: 10px; box-sizing: border-box;\">\n          <\/div>\n          <div hidden=\"\">\n            <input type=\"hidden\" name=\"tags\" value=\"12980300\">\n          <\/div>\n          <div id=\"mce-responses\" class=\"clear\">\n            <div class=\"response\" id=\"mce-error-response\" style=\"display: none;\"><\/div>\n            <div class=\"response\" id=\"mce-success-response\" style=\"display: none;\"><\/div>\n          <\/div>\n          <div style=\"position: absolute; left: -5000px;\" aria-hidden=\"true\">\n            <input type=\"text\" name=\"b_1aff9887f462c884c5c0b4c35_24d241cd8e\" tabindex=\"-1\" value=\"\">\n          <\/div>\n          <div class=\"clear\">\n            <input type=\"submit\" name=\"subscribe\" id=\"mc-embedded-subscribe\" class=\"button\" value=\"Subscribe\">\n          <\/div>\n        <\/div>\n      <\/form>\n    <\/div>\n    <script type=\"text\/javascript\" src=\"\/\/s3.amazonaws.com\/downloads.mailchimp.com\/js\/mc-validate.js\"><\/script>\n    <script type=\"text\/javascript\">\n      (function($) {\n        window.fnames = new Array();\n        window.ftypes = new Array();\n        fnames[0] = 'EMAIL';\n        ftypes[0] = 'email';\n        \/*\n         * Translated default messages for the $ validation plugin.\n         * Locale: FI\n         *\/\n        $.extend($.validator.messages, {\n          required: \"T&auml;m&auml; kentt&auml; on pakollinen.\",\n          maxlength: $.validator.format(\"Voit sy&ouml;tt&auml;&auml; enint&auml;&auml;n {0} merkki&auml;.\"),\n          minlength: $.validator.format(\"V&auml;hint&auml;&auml;n {0} merkki&auml;.\"),\n          rangelength: $.validator.format(\"Sy&ouml;t&auml; v&auml;hint&auml;&auml;n {0} ja enint&auml;&auml;n {1} merkki&auml;.\"),\n          email: \"Sy&ouml;t&auml; oikea s&auml;hk&ouml;postiosoite.\",\n          url: \"Sy&ouml;t&auml; oikea URL osoite.\",\n          date: \"Sy&ouml;t&auml; oike p&auml;iv&auml;m&auml;&auml;r&auml;.\",\n          dateISO: \"Sy&ouml;t&auml; oike p&auml;iv&auml;m&auml;&auml;r&auml; (VVVV-MM-DD).\",\n          number: \"Sy&ouml;t&auml; numero.\",\n          digits: \"Sy&ouml;t&auml; pelk&auml;st&auml;&auml;n numeroita.\",\n          equalTo: \"Sy&ouml;t&auml; sama arvo uudestaan.\",\n          range: $.validator.format(\"Sy&ouml;t&auml; arvo {0} ja {1} v&auml;lilt&auml;.\"),\n          max: $.validator.format(\"Sy&ouml;t&auml; arvo joka on yht&auml; suuri tai suurempi kuin {0}.\"),\n          min: $.validator.format(\"Sy&ouml;t&auml; arvo joka on pienempi tai yht&auml; suuri kuin {0}.\"),\n          creditcard: \"Sy&ouml;t&auml; voimassa oleva luottokorttinumero.\"\n        });\n      }(jQuery));\n      var $mcj = jQuery.noConflict(true);\n    <\/script>\n  <\/div>\n<\/center>\n\t\t<\/div>\n\t\t\t\t<\/div>\n\t\t\t\t<\/div>\n\t\t\t\t\t<\/div>\n\t\t\t\t<\/div>\n\t\t\t\t<\/div>","protected":false},"excerpt":{"rendered":"<p>Retro 360\u00b0 Vintage Tour Retro Enoteca k\u00e4tkee sis\u00e4lleen paljon vintage aarteita menneilt\u00e4 vuosikymmenilt\u00e4 Suomesta ja Italiasta. P\u00e4\u00e4set tutustumaan niihin 24\/7 t\u00e4\u00e4ll\u00e4. Tilaa Retro Enotecan uutiskirje! Email *<\/p>","protected":false},"author":3,"featured_media":0,"parent":0,"menu_order":0,"comment_status":"closed","ping_status":"closed","template":"","meta":{"rank_math_lock_modified_date":false,"_improvement_type_select":"improve_an_existing","_thumb_yes_seoaic":false,"_frame_yes_seoaic":false,"seoaic_generate_description":"","seoaic_improve_instructions_prompt":"","seoaic_rollback_content_improvement":"","seoaic_idea_thumbnail_generator":"","thumbnail_generated":false,"thumbnail_generate_prompt":"","seoaic_article_description":"","footnotes":""},"class_list":["post-2597","page","type-page","status-publish","hentry"],"_links":{"self":[{"href":"https:\/\/retroenoteca.fi\/en\/wp-json\/wp\/v2\/pages\/2597","targetHints":{"allow":["GET"]}}],"collection":[{"href":"https:\/\/retroenoteca.fi\/en\/wp-json\/wp\/v2\/pages"}],"about":[{"href":"https:\/\/retroenoteca.fi\/en\/wp-json\/wp\/v2\/types\/page"}],"author":[{"embeddable":true,"href":"https:\/\/retroenoteca.fi\/en\/wp-json\/wp\/v2\/users\/3"}],"replies":[{"embeddable":true,"href":"https:\/\/retroenoteca.fi\/en\/wp-json\/wp\/v2\/comments?post=2597"}],"version-history":[{"count":0,"href":"https:\/\/retroenoteca.fi\/en\/wp-json\/wp\/v2\/pages\/2597\/revisions"}],"wp:attachment":[{"href":"https:\/\/retroenoteca.fi\/en\/wp-json\/wp\/v2\/media?parent=2597"}],"curies":[{"name":"wp","href":"https:\/\/api.w.org\/{rel}","templated":true}]}}