{"id":2812,"date":"2025-12-12T15:11:03","date_gmt":"2025-12-12T13:11:03","guid":{"rendered":"https:\/\/retroenoteca.fi\/?page_id=2812"},"modified":"2026-04-23T12:14:36","modified_gmt":"2026-04-23T10:14:36","slug":"vappu","status":"publish","type":"page","link":"https:\/\/retroenoteca.fi\/en\/vappu\/","title":{"rendered":"May Day"},"content":{"rendered":"<div data-elementor-type=\"wp-page\" data-elementor-id=\"2812\" class=\"elementor elementor-2812\" data-elementor-post-type=\"page\">\n\t\t\t\t<div class=\"elementor-element elementor-element-58cd6431 e-con-full e-flex e-con e-parent\" data-id=\"58cd6431\" data-element_type=\"container\" data-settings=\"{&quot;background_background&quot;:&quot;classic&quot;}\">\n\t\t<div class=\"elementor-element elementor-element-7ee0313c e-con-full e-flex e-con e-child\" data-id=\"7ee0313c\" data-element_type=\"container\">\n\t\t\t\t<div class=\"elementor-element elementor-element-333c7fd4 elementor-widget elementor-widget-heading\" data-id=\"333c7fd4\" data-element_type=\"widget\" data-widget_type=\"heading.default\">\n\t\t\t\t<div class=\"elementor-widget-container\">\n\t\t\t<style>\/*! elementor - v3.23.0 - 05-08-2024 *\/\n.elementor-heading-title{padding:0;margin:0;line-height:1}.elementor-widget-heading .elementor-heading-title[class*=elementor-size-]>a{color:inherit;font-size:inherit;line-height:inherit}.elementor-widget-heading .elementor-heading-title.elementor-size-small{font-size:15px}.elementor-widget-heading .elementor-heading-title.elementor-size-medium{font-size:19px}.elementor-widget-heading .elementor-heading-title.elementor-size-large{font-size:29px}.elementor-widget-heading .elementor-heading-title.elementor-size-xl{font-size:39px}.elementor-widget-heading .elementor-heading-title.elementor-size-xxl{font-size:59px}<\/style><h1 class=\"elementor-heading-title elementor-size-default\"><i>May Day at Retro Enoteca<\/i><\/h1>\t\t<\/div>\n\t\t\t\t<\/div>\n\t\t\t\t<\/div>\n\t\t\t\t<\/div>\n\t\t<div class=\"elementor-element elementor-element-3047de75 e-con-full e-flex e-con e-parent\" data-id=\"3047de75\" data-element_type=\"container\" data-settings=\"{&quot;background_background&quot;:&quot;classic&quot;}\">\n\t\t<div class=\"elementor-element elementor-element-5fdcd9bc e-con-full e-flex e-con e-child\" data-id=\"5fdcd9bc\" data-element_type=\"container\" data-settings=\"{&quot;background_background&quot;:&quot;classic&quot;}\">\n\t\t\t\t<div class=\"elementor-element elementor-element-bbdd9b2 elementor-widget elementor-widget-heading\" data-id=\"bbdd9b2\" data-element_type=\"widget\" data-widget_type=\"heading.default\">\n\t\t\t\t<div class=\"elementor-widget-container\">\n\t\t\t<h2 class=\"elementor-heading-title elementor-size-default\">May Day Menu<\/h2>\t\t<\/div>\n\t\t\t\t<\/div>\n\t\t\t\t<div class=\"elementor-element elementor-element-4ac0c1bf elementor-widget elementor-widget-heading\" data-id=\"4ac0c1bf\" data-element_type=\"widget\" data-widget_type=\"heading.default\">\n\t\t\t\t<div class=\"elementor-widget-container\">\n\t\t\t<h2 class=\"elementor-heading-title elementor-size-default\">Friday 1.5 starting at 12:00<\/h2>\t\t<\/div>\n\t\t\t\t<\/div>\n\t\t\t\t<div class=\"elementor-element elementor-element-3c9f09b elementor-widget-divider--view-line elementor-widget elementor-widget-divider\" data-id=\"3c9f09b\" data-element_type=\"widget\" data-widget_type=\"divider.default\">\n\t\t\t\t<div class=\"elementor-widget-container\">\n\t\t\t<style>\/*! elementor - v3.23.0 - 05-08-2024 *\/\n.elementor-widget-divider{--divider-border-style:none;--divider-border-width:1px;--divider-color:#0c0d0e;--divider-icon-size:20px;--divider-element-spacing:10px;--divider-pattern-height:24px;--divider-pattern-size:20px;--divider-pattern-url:none;--divider-pattern-repeat:repeat-x}.elementor-widget-divider .elementor-divider{display:flex}.elementor-widget-divider .elementor-divider__text{font-size:15px;line-height:1;max-width:95%}.elementor-widget-divider .elementor-divider__element{margin:0 var(--divider-element-spacing);flex-shrink:0}.elementor-widget-divider .elementor-icon{font-size:var(--divider-icon-size)}.elementor-widget-divider .elementor-divider-separator{display:flex;margin:0;direction:ltr}.elementor-widget-divider--view-line_icon .elementor-divider-separator,.elementor-widget-divider--view-line_text .elementor-divider-separator{align-items:center}.elementor-widget-divider--view-line_icon .elementor-divider-separator:after,.elementor-widget-divider--view-line_icon .elementor-divider-separator:before,.elementor-widget-divider--view-line_text .elementor-divider-separator:after,.elementor-widget-divider--view-line_text .elementor-divider-separator:before{display:block;content:\"\";border-block-end:0;flex-grow:1;border-block-start:var(--divider-border-width) var(--divider-border-style) var(--divider-color)}.elementor-widget-divider--element-align-left .elementor-divider .elementor-divider-separator>.elementor-divider__svg:first-of-type{flex-grow:0;flex-shrink:100}.elementor-widget-divider--element-align-left .elementor-divider-separator:before{content:none}.elementor-widget-divider--element-align-left .elementor-divider__element{margin-left:0}.elementor-widget-divider--element-align-right .elementor-divider .elementor-divider-separator>.elementor-divider__svg:last-of-type{flex-grow:0;flex-shrink:100}.elementor-widget-divider--element-align-right .elementor-divider-separator:after{content:none}.elementor-widget-divider--element-align-right .elementor-divider__element{margin-right:0}.elementor-widget-divider--element-align-start .elementor-divider .elementor-divider-separator>.elementor-divider__svg:first-of-type{flex-grow:0;flex-shrink:100}.elementor-widget-divider--element-align-start .elementor-divider-separator:before{content:none}.elementor-widget-divider--element-align-start .elementor-divider__element{margin-inline-start:0}.elementor-widget-divider--element-align-end .elementor-divider .elementor-divider-separator>.elementor-divider__svg:last-of-type{flex-grow:0;flex-shrink:100}.elementor-widget-divider--element-align-end .elementor-divider-separator:after{content:none}.elementor-widget-divider--element-align-end .elementor-divider__element{margin-inline-end:0}.elementor-widget-divider:not(.elementor-widget-divider--view-line_text):not(.elementor-widget-divider--view-line_icon) .elementor-divider-separator{border-block-start:var(--divider-border-width) var(--divider-border-style) var(--divider-color)}.elementor-widget-divider--separator-type-pattern{--divider-border-style:none}.elementor-widget-divider--separator-type-pattern.elementor-widget-divider--view-line .elementor-divider-separator,.elementor-widget-divider--separator-type-pattern:not(.elementor-widget-divider--view-line) .elementor-divider-separator:after,.elementor-widget-divider--separator-type-pattern:not(.elementor-widget-divider--view-line) .elementor-divider-separator:before,.elementor-widget-divider--separator-type-pattern:not([class*=elementor-widget-divider--view]) .elementor-divider-separator{width:100%;min-height:var(--divider-pattern-height);-webkit-mask-size:var(--divider-pattern-size) 100%;mask-size:var(--divider-pattern-size) 100%;-webkit-mask-repeat:var(--divider-pattern-repeat);mask-repeat:var(--divider-pattern-repeat);background-color:var(--divider-color);-webkit-mask-image:var(--divider-pattern-url);mask-image:var(--divider-pattern-url)}.elementor-widget-divider--no-spacing{--divider-pattern-size:auto}.elementor-widget-divider--bg-round{--divider-pattern-repeat:round}.rtl .elementor-widget-divider .elementor-divider__text{direction:rtl}.e-con-inner>.elementor-widget-divider,.e-con>.elementor-widget-divider{width:var(--container-widget-width,100%);--flex-grow:var(--container-widget-flex-grow)}<\/style>\t\t<div class=\"elementor-divider\">\n\t\t\t<span class=\"elementor-divider-separator\">\n\t\t\t\t\t\t<\/span>\n\t\t<\/div>\n\t\t\t\t<\/div>\n\t\t\t\t<\/div>\n\t\t<div class=\"elementor-element elementor-element-4397b0fb e-con-full e-flex e-con e-child\" data-id=\"4397b0fb\" data-element_type=\"container\">\n\t\t\t\t<div class=\"elementor-element elementor-element-3fb606a9 elementor-widget elementor-widget-text-editor\" data-id=\"3fb606a9\" data-element_type=\"widget\" data-widget_type=\"text-editor.default\">\n\t\t\t\t<div class=\"elementor-widget-container\">\n\t\t\t<style>\/*! elementor - v3.23.0 - 05-08-2024 *\/\n.elementor-widget-text-editor.elementor-drop-cap-view-stacked .elementor-drop-cap{background-color:#69727d;color:#fff}.elementor-widget-text-editor.elementor-drop-cap-view-framed .elementor-drop-cap{color:#69727d;border:3px solid;background-color:transparent}.elementor-widget-text-editor:not(.elementor-drop-cap-view-default) .elementor-drop-cap{margin-top:8px}.elementor-widget-text-editor:not(.elementor-drop-cap-view-default) .elementor-drop-cap-letter{width:1em;height:1em}.elementor-widget-text-editor .elementor-drop-cap{float:left;text-align:center;line-height:1;font-size:50px}.elementor-widget-text-editor .elementor-drop-cap-letter{display:inline-block}<\/style>\t\t\t\t<p class=\"\" data-start=\"426\" data-end=\"454\"><strong data-start=\"426\" data-end=\"454\">Menu options<br \/><br \/><\/strong><span class=\"a_GcMg font-feature-liga-off font-feature-clig-off font-feature-calt-off text-decoration-none text-strikethrough-none\"><span style=\"text-decoration: underline;\"><strong>Starter<\/strong><\/span><br \/><\/span><span class=\"a_GcMg font-feature-liga-off font-feature-clig-off font-feature-calt-off text-decoration-none text-strikethrough-none\">Provolone arancini with black garlic aioli (L,G, ask V)<br \/><\/span><span class=\"a_GcMg font-feature-liga-off font-feature-clig-off font-feature-calt-off text-decoration-none text-strikethrough-none\"><em>or<\/em><br \/><\/span><span class=\"a_GcMg font-feature-liga-off font-feature-clig-off font-feature-calt-off text-decoration-none text-strikethrough-none\">Pike-perch crudo with rhubarb (L,G)<br \/><br \/><\/span><span class=\"a_GcMg font-feature-liga-off font-feature-clig-off font-feature-calt-off text-decoration-none text-strikethrough-none\"><span style=\"text-decoration: underline;\"><strong>Main courses<\/strong><\/span><br \/><\/span><span class=\"a_GcMg font-feature-liga-off font-feature-clig-off font-feature-calt-off text-decoration-none text-strikethrough-none\">Squid ink pasta with confit squid and fennel (L)<br \/><\/span><span class=\"a_GcMg font-feature-liga-off font-feature-clig-off font-feature-calt-off text-decoration-none text-strikethrough-none\"><em>or<\/em><br \/><\/span><span class=\"a_GcMg font-feature-liga-off font-feature-clig-off font-feature-calt-off text-decoration-none text-strikethrough-none\">Roasted beef picanha with herb fingerling potato gnocchi and dark cherry sauce (L, ask G)<br \/><\/span><span class=\"a_GcMg font-feature-liga-off font-feature-clig-off font-feature-calt-off text-decoration-none text-strikethrough-none\"><em>or<\/em><br \/><\/span><span class=\"a_GcMg font-feature-liga-off font-feature-clig-off font-feature-calt-off text-decoration-none text-strikethrough-none\">Asparagus risotto with green and white asparagus (L,G, ask V)<br \/><br \/><\/span><span class=\"a_GcMg font-feature-liga-off font-feature-clig-off font-feature-calt-off text-decoration-none text-strikethrough-none\"><span style=\"text-decoration: underline;\"><strong>Dessert<\/strong><\/span><br \/><\/span><span class=\"a_GcMg font-feature-liga-off font-feature-clig-off font-feature-calt-off text-decoration-none text-strikethrough-none\">Eton Mess panna cotta (L,G, ask V)<\/span><\/p>\t\t\t\t\t\t<\/div>\n\t\t\t\t<\/div>\n\t\t\t\t<div class=\"elementor-element elementor-element-2e4362b elementor-widget-divider--view-line elementor-widget elementor-widget-divider\" data-id=\"2e4362b\" data-element_type=\"widget\" data-widget_type=\"divider.default\">\n\t\t\t\t<div class=\"elementor-widget-container\">\n\t\t\t\t\t<div class=\"elementor-divider\">\n\t\t\t<span class=\"elementor-divider-separator\">\n\t\t\t\t\t\t<\/span>\n\t\t<\/div>\n\t\t\t\t<\/div>\n\t\t\t\t<\/div>\n\t\t\t\t<div class=\"elementor-element elementor-element-4b66fda elementor-widget elementor-widget-text-editor\" data-id=\"4b66fda\" data-element_type=\"widget\" data-widget_type=\"text-editor.default\">\n\t\t\t\t<div class=\"elementor-widget-container\">\n\t\t\t\t\t\t\t<p><span style=\"text-decoration: underline;\"><strong>Menu price:<\/strong><\/span><br \/>49\u20ac \/ hl\u00f6<\/p><p><em>On May Day we are open until 23:00<br \/>Kitchen closes at 21:30<\/em><\/p>\t\t\t\t\t\t<\/div>\n\t\t\t\t<\/div>\n\t\t\t\t<\/div>\n\t\t<div class=\"elementor-element elementor-element-221a55c9 e-con-full e-flex e-con e-child\" data-id=\"221a55c9\" data-element_type=\"container\">\n\t\t<div class=\"elementor-element elementor-element-6392a01 e-grid e-con-full e-con e-child\" data-id=\"6392a01\" data-element_type=\"container\">\n\t\t\t\t<div class=\"elementor-element elementor-element-c8ddf68 elementor-align-right elementor-widget elementor-widget-button\" data-id=\"c8ddf68\" data-element_type=\"widget\" data-widget_type=\"button.default\">\n\t\t\t\t<div class=\"elementor-widget-container\">\n\t\t\t\t\t<div class=\"elementor-button-wrapper\">\n\t\t\t<a class=\"elementor-button elementor-button-link elementor-size-sm\" href=\"https:\/\/retroenoteca.fi\/wp-content\/uploads\/2026\/04\/Retro-vappumenu.pdf\">\n\t\t\t\t\t\t<span class=\"elementor-button-content-wrapper\">\n\t\t\t\t\t\t\t\t\t<span class=\"elementor-button-text\">PRINT THE MENU<\/span>\n\t\t\t\t\t<\/span>\n\t\t\t\t\t<\/a>\n\t\t<\/div>\n\t\t\t\t<\/div>\n\t\t\t\t<\/div>\n\t\t\t\t<div class=\"elementor-element elementor-element-6f86f78 elementor-align-left elementor-widget elementor-widget-button\" data-id=\"6f86f78\" data-element_type=\"widget\" data-widget_type=\"button.default\">\n\t\t\t\t<div class=\"elementor-widget-container\">\n\t\t\t\t\t<div class=\"elementor-button-wrapper\">\n\t\t\t<a class=\"elementor-button elementor-button-link elementor-size-sm\" href=\"https:\/\/retroenoteca.fi\/en\/reservation\/\">\n\t\t\t\t\t\t<span class=\"elementor-button-content-wrapper\">\n\t\t\t\t\t\t\t\t\t<span class=\"elementor-button-text\">BOOK A TABLE<\/span>\n\t\t\t\t\t<\/span>\n\t\t\t\t\t<\/a>\n\t\t<\/div>\n\t\t\t\t<\/div>\n\t\t\t\t<\/div>\n\t\t\t\t<\/div>\n\t\t\t\t<div class=\"elementor-element elementor-element-67dbba71 elementor-widget elementor-widget-heading\" data-id=\"67dbba71\" data-element_type=\"widget\" data-widget_type=\"heading.default\">\n\t\t\t\t<div class=\"elementor-widget-container\">\n\t\t\t<h5 class=\"elementor-heading-title elementor-size-default\">Come celebrate May Day with us! <\/h5>\t\t<\/div>\n\t\t\t\t<\/div>\n\t\t\t\t<div class=\"elementor-element elementor-element-122adba elementor-widget-divider--view-line elementor-widget elementor-widget-divider\" data-id=\"122adba\" data-element_type=\"widget\" data-widget_type=\"divider.default\">\n\t\t\t\t<div class=\"elementor-widget-container\">\n\t\t\t\t\t<div class=\"elementor-divider\">\n\t\t\t<span class=\"elementor-divider-separator\">\n\t\t\t\t\t\t<\/span>\n\t\t<\/div>\n\t\t\t\t<\/div>\n\t\t\t\t<\/div>\n\t\t\t\t<\/div>\n\t\t\t\t<\/div>\n\t\t\t\t<\/div>\n\t\t<div class=\"elementor-element elementor-element-72f2a0c7 e-flex e-con-boxed e-con e-parent\" data-id=\"72f2a0c7\" data-element_type=\"container\">\n\t\t\t\t\t<div class=\"e-con-inner\">\n\t\t<div class=\"elementor-element elementor-element-7a72803a e-con-full e-flex e-con e-child\" data-id=\"7a72803a\" data-element_type=\"container\" data-settings=\"{&quot;background_background&quot;:&quot;classic&quot;}\">\n\t\t\t\t<div class=\"elementor-element elementor-element-10986c87 elementor-widget elementor-widget-heading\" data-id=\"10986c87\" data-element_type=\"widget\" data-widget_type=\"heading.default\">\n\t\t\t\t<div class=\"elementor-widget-container\">\n\t\t\t<h2 class=\"elementor-heading-title elementor-size-default\"><i>Subscribe to Retro Enoteca's Newsletter<\/i><\/h2>\t\t<\/div>\n\t\t\t\t<\/div>\n\t\t\t\t<div class=\"elementor-element elementor-element-20c670cd elementor-widget elementor-widget-html\" data-id=\"20c670cd\" data-element_type=\"widget\" data-widget_type=\"html.default\">\n\t\t\t\t<div class=\"elementor-widget-container\">\n\t\t\t<center>\n  <div id=\"mc_embed_shell\">\n    <link href=\"\/\/cdn-images.mailchimp.com\/embedcode\/classic-061523.css\" rel=\"stylesheet\" type=\"text\/css\">\n    <style type=\"text\/css\">\n      #mc_embed_signup {\n        clear: left;\n        font: 14px Helvetica, Arial, sans-serif;\n        width: 100%; \/* Make width responsive *\/\n        max-width: 600px; \/* Limit the maximum width *\/\n        margin: 0 auto; \/* Center align *\/\n        padding: 20px; \/* Add some padding *\/\n        box-sizing: border-box; \/* Include padding in the width *\/\n      }\n\n      .mc-field-group {\n        width: 100%; \/* Full width for input fields *\/\n        margin-bottom: 15px; \/* Add spacing between elements *\/\n      }\n\n      .button {\n        background-color: #000; \/* Black background *\/\n        color: #fff; \/* White text *\/\n        font-size: 1.2rem; \/* Adjust font size *\/\n        font-weight: bold; \/* Bold text *\/\n        padding: 25px; \/* Padding around the text *\/\n        border: 2px solid #fff; \n        cursor: pointer; \/* Pointer cursor on hover *\/\n        text-transform: uppercase; \/* Uppercase text *\/\n        text-align: center; \/* Center text *\/\n        font-family: Arial, Helvetica, sans-serif; \/* Font styling *\/\n        outline: solid #ffffff \/* Remove default outline *\/\n        position: relative; \/* Needed for shadow effect *\/\n        transition: all 0.3s ease; \/* Smooth transition for hover effect *\/\n        box-shadow: -4px 3px 0px #333; \/* Shadow effect *\/\n      }\n\n      .button:hover {\n        background-color: #0056b3; \/* Optional: Add hover effect *\/\n      }\n\n      @media (max-width: 600px) {\n        #mc_embed_signup {\n          padding: 10px; \/* Reduce padding on smaller screens *\/\n        }\n      }\n    <\/style>\n    <div id=\"mc_embed_signup\">\n      <form action=\"https:\/\/smoothly.us9.list-manage.com\/subscribe\/post?u=1aff9887f462c884c5c0b4c35&amp;id=24d241cd8e&amp;f_id=00cd6ee1f0\" method=\"post\" id=\"mc-embedded-subscribe-form\" name=\"mc-embedded-subscribe-form\" class=\"validate\" target=\"_blank\">\n        <div id=\"mc_embed_signup_scroll\">\n          \n          <div class=\"mc-field-group\">\n            <label for=\"mce-EMAIL\">Email <span class=\"asterisk\">*<\/span><\/label>\n            <input type=\"email\" name=\"EMAIL\" class=\"required email\" id=\"mce-EMAIL\" required=\"\" value=\"\" style=\"width: 100%; padding: 10px; box-sizing: border-box;\">\n          <\/div>\n          <div hidden=\"\">\n            <input type=\"hidden\" name=\"tags\" value=\"12980300\">\n          <\/div>\n          <div id=\"mce-responses\" class=\"clear\">\n            <div class=\"response\" id=\"mce-error-response\" style=\"display: none;\"><\/div>\n            <div class=\"response\" id=\"mce-success-response\" style=\"display: none;\"><\/div>\n          <\/div>\n          <div style=\"position: absolute; left: -5000px;\" aria-hidden=\"true\">\n            <input type=\"text\" name=\"b_1aff9887f462c884c5c0b4c35_24d241cd8e\" tabindex=\"-1\" value=\"\">\n          <\/div>\n          <div class=\"clear\">\n            <input type=\"submit\" name=\"subscribe\" id=\"mc-embedded-subscribe\" class=\"button\" value=\"Subscribe\">\n          <\/div>\n        <\/div>\n      <\/form>\n    <\/div>\n    <script type=\"text\/javascript\" src=\"\/\/s3.amazonaws.com\/downloads.mailchimp.com\/js\/mc-validate.js\"><\/script>\n    <script type=\"text\/javascript\">\n      (function($) {\n        window.fnames = new Array();\n        window.ftypes = new Array();\n        fnames[0] = 'EMAIL';\n        ftypes[0] = 'email';\n        \/*\n         * Translated default messages for the $ validation plugin.\n         * Locale: FI\n         *\/\n        $.extend($.validator.messages, {\n          required: \"T&auml;m&auml; kentt&auml; on pakollinen.\",\n          maxlength: $.validator.format(\"Voit sy&ouml;tt&auml;&auml; enint&auml;&auml;n {0} merkki&auml;.\"),\n          minlength: $.validator.format(\"V&auml;hint&auml;&auml;n {0} merkki&auml;.\"),\n          rangelength: $.validator.format(\"Sy&ouml;t&auml; v&auml;hint&auml;&auml;n {0} ja enint&auml;&auml;n {1} merkki&auml;.\"),\n          email: \"Sy&ouml;t&auml; oikea s&auml;hk&ouml;postiosoite.\",\n          url: \"Sy&ouml;t&auml; oikea URL osoite.\",\n          date: \"Sy&ouml;t&auml; oike p&auml;iv&auml;m&auml;&auml;r&auml;.\",\n          dateISO: \"Sy&ouml;t&auml; oike p&auml;iv&auml;m&auml;&auml;r&auml; (VVVV-MM-DD).\",\n          number: \"Sy&ouml;t&auml; numero.\",\n          digits: \"Sy&ouml;t&auml; pelk&auml;st&auml;&auml;n numeroita.\",\n          equalTo: \"Sy&ouml;t&auml; sama arvo uudestaan.\",\n          range: $.validator.format(\"Sy&ouml;t&auml; arvo {0} ja {1} v&auml;lilt&auml;.\"),\n          max: $.validator.format(\"Sy&ouml;t&auml; arvo joka on yht&auml; suuri tai suurempi kuin {0}.\"),\n          min: $.validator.format(\"Sy&ouml;t&auml; arvo joka on pienempi tai yht&auml; suuri kuin {0}.\"),\n          creditcard: \"Sy&ouml;t&auml; voimassa oleva luottokorttinumero.\"\n        });\n      }(jQuery));\n      var $mcj = jQuery.noConflict(true);\n    <\/script>\n  <\/div>\n<\/center>\n\t\t<\/div>\n\t\t\t\t<\/div>\n\t\t\t\t<\/div>\n\t\t\t\t\t<\/div>\n\t\t\t\t<\/div>\n\t\t\t\t<\/div>","protected":false},"excerpt":{"rendered":"<p>Retro Enotecan Vappu Vappup\u00e4iv\u00e4n menu Pe 1.5 klo 12 alkaen Menussa valittavana AlkuruokaProvolone arancini ja mustaa valkosipuliaiolia (L,G, saa V)taiKuha crudo ja raparperia (L,G) P\u00e4\u00e4ruoaksiMustaa mustekalapastaa, confit mustekalaa ja fenkolia (L)taiPaahdettua naudan picanhaa, yrttiset puikulaperuna gnocchit, tummaa kirsikkakastiketta (L, saa G)taiParsarisotto, vihre\u00e4\u00e4 ja valkoista parsaa (L,G, saa V) J\u00e4lkiruoaksiEton Mess panna cotta (L,G, saa V) [&hellip;]<\/p>","protected":false},"author":3,"featured_media":0,"parent":0,"menu_order":0,"comment_status":"closed","ping_status":"closed","template":"","meta":{"rank_math_lock_modified_date":false,"_improvement_type_select":"improve_an_existing","_thumb_yes_seoaic":false,"_frame_yes_seoaic":false,"seoaic_generate_description":"","seoaic_improve_instructions_prompt":"","seoaic_rollback_content_improvement":"","seoaic_idea_thumbnail_generator":"","thumbnail_generated":false,"thumbnail_generate_prompt":"","seoaic_article_description":"","footnotes":""},"class_list":["post-2812","page","type-page","status-publish","hentry"],"_links":{"self":[{"href":"https:\/\/retroenoteca.fi\/en\/wp-json\/wp\/v2\/pages\/2812","targetHints":{"allow":["GET"]}}],"collection":[{"href":"https:\/\/retroenoteca.fi\/en\/wp-json\/wp\/v2\/pages"}],"about":[{"href":"https:\/\/retroenoteca.fi\/en\/wp-json\/wp\/v2\/types\/page"}],"author":[{"embeddable":true,"href":"https:\/\/retroenoteca.fi\/en\/wp-json\/wp\/v2\/users\/3"}],"replies":[{"embeddable":true,"href":"https:\/\/retroenoteca.fi\/en\/wp-json\/wp\/v2\/comments?post=2812"}],"version-history":[{"count":0,"href":"https:\/\/retroenoteca.fi\/en\/wp-json\/wp\/v2\/pages\/2812\/revisions"}],"wp:attachment":[{"href":"https:\/\/retroenoteca.fi\/en\/wp-json\/wp\/v2\/media?parent=2812"}],"curies":[{"name":"wp","href":"https:\/\/api.w.org\/{rel}","templated":true}]}}