{"id":3498,"date":"2026-04-23T10:54:37","date_gmt":"2026-04-23T08:54:37","guid":{"rendered":"https:\/\/retroenoteca.fi\/?page_id=3498"},"modified":"2026-04-23T12:09:29","modified_gmt":"2026-04-23T10:09:29","slug":"aitienpaiva","status":"publish","type":"page","link":"https:\/\/retroenoteca.fi\/en\/aitienpaiva\/","title":{"rendered":"Mothers day"},"content":{"rendered":"<div data-elementor-type=\"wp-page\" data-elementor-id=\"3498\" class=\"elementor elementor-3498\" data-elementor-post-type=\"page\">\n\t\t\t\t<div class=\"elementor-element elementor-element-29c297c9 e-con-full e-flex e-con e-parent\" data-id=\"29c297c9\" data-element_type=\"container\" data-settings=\"{&quot;background_background&quot;:&quot;classic&quot;}\">\n\t\t<div class=\"elementor-element elementor-element-53763afe e-con-full e-flex e-con e-child\" data-id=\"53763afe\" data-element_type=\"container\">\n\t\t\t\t<div class=\"elementor-element elementor-element-67d81c7d elementor-widget elementor-widget-heading\" data-id=\"67d81c7d\" data-element_type=\"widget\" data-widget_type=\"heading.default\">\n\t\t\t\t<div class=\"elementor-widget-container\">\n\t\t\t<style>\/*! elementor - v3.23.0 - 05-08-2024 *\/\n.elementor-heading-title{padding:0;margin:0;line-height:1}.elementor-widget-heading .elementor-heading-title[class*=elementor-size-]>a{color:inherit;font-size:inherit;line-height:inherit}.elementor-widget-heading .elementor-heading-title.elementor-size-small{font-size:15px}.elementor-widget-heading .elementor-heading-title.elementor-size-medium{font-size:19px}.elementor-widget-heading .elementor-heading-title.elementor-size-large{font-size:29px}.elementor-widget-heading .elementor-heading-title.elementor-size-xl{font-size:39px}.elementor-widget-heading .elementor-heading-title.elementor-size-xxl{font-size:59px}<\/style><h1 class=\"elementor-heading-title elementor-size-default\"><i>Mothers day at Retro Enoteca<\/i><\/h1>\t\t<\/div>\n\t\t\t\t<\/div>\n\t\t\t\t<\/div>\n\t\t\t\t<\/div>\n\t\t<div class=\"elementor-element elementor-element-540ac39a e-con-full e-flex e-con e-parent\" data-id=\"540ac39a\" data-element_type=\"container\" data-settings=\"{&quot;background_background&quot;:&quot;classic&quot;}\">\n\t\t<div class=\"elementor-element elementor-element-313f36 e-con-full e-flex e-con e-child\" data-id=\"313f36\" data-element_type=\"container\" data-settings=\"{&quot;background_background&quot;:&quot;classic&quot;}\">\n\t\t<div class=\"elementor-element elementor-element-372128b4 e-con-full e-flex e-con e-child\" data-id=\"372128b4\" data-element_type=\"container\">\n\t\t\t\t<div class=\"elementor-element elementor-element-5c0fda5c elementor-widget elementor-widget-text-editor\" data-id=\"5c0fda5c\" data-element_type=\"widget\" data-widget_type=\"text-editor.default\">\n\t\t\t\t<div class=\"elementor-widget-container\">\n\t\t\t<style>\/*! elementor - v3.23.0 - 05-08-2024 *\/\n.elementor-widget-text-editor.elementor-drop-cap-view-stacked .elementor-drop-cap{background-color:#69727d;color:#fff}.elementor-widget-text-editor.elementor-drop-cap-view-framed .elementor-drop-cap{color:#69727d;border:3px solid;background-color:transparent}.elementor-widget-text-editor:not(.elementor-drop-cap-view-default) .elementor-drop-cap{margin-top:8px}.elementor-widget-text-editor:not(.elementor-drop-cap-view-default) .elementor-drop-cap-letter{width:1em;height:1em}.elementor-widget-text-editor .elementor-drop-cap{float:left;text-align:center;line-height:1;font-size:50px}.elementor-widget-text-editor .elementor-drop-cap-letter{display:inline-block}<\/style>\t\t\t\t<p>T\u00e4n\u00e4 \u00e4itienp\u00e4iv\u00e4n\u00e4 katamme p\u00f6yd\u00e4n t\u00e4yteen italialaista makua ja huolettoman juhlap\u00e4iv\u00e4n tunnelmaa. Retron \u00e4itienp\u00e4iv\u00e4menu tarjoillaan p\u00f6ytiin, jaettavassa muodossa seurueen kesken. Antipasteja, l\u00e4mpimi\u00e4 ruokia ja makea p\u00e4\u00e4t\u00f6s \u2013 kaikki valmistettu sesongin mauista! \ud83c\udf4b<\/p>\t\t\t\t\t\t<\/div>\n\t\t\t\t<\/div>\n\t\t\t\t<\/div>\n\t\t\t\t<div class=\"elementor-element elementor-element-413c844e elementor-widget elementor-widget-heading\" data-id=\"413c844e\" data-element_type=\"widget\" data-widget_type=\"heading.default\">\n\t\t\t\t<div class=\"elementor-widget-container\">\n\t\t\t<h2 class=\"elementor-heading-title elementor-size-default\">\u00c4itienp\u00e4iv\u00e4n kattaus italialaiseen tyyliin <\/h2>\t\t<\/div>\n\t\t\t\t<\/div>\n\t\t\t\t<div class=\"elementor-element elementor-element-7242a6ae elementor-widget elementor-widget-heading\" data-id=\"7242a6ae\" data-element_type=\"widget\" data-widget_type=\"heading.default\">\n\t\t\t\t<div class=\"elementor-widget-container\">\n\t\t\t<h2 class=\"elementor-heading-title elementor-size-default\">Su 10.5 klo 11 alkaen<\/h2>\t\t<\/div>\n\t\t\t\t<\/div>\n\t\t<div class=\"elementor-element elementor-element-77260be6 e-con-full e-flex e-con e-child\" data-id=\"77260be6\" data-element_type=\"container\">\n\t\t\t\t<div class=\"elementor-element elementor-element-260ba2eb elementor-widget elementor-widget-text-editor\" data-id=\"260ba2eb\" data-element_type=\"widget\" data-widget_type=\"text-editor.default\">\n\t\t\t\t<div class=\"elementor-widget-container\">\n\t\t\t\t\t\t\t<p class=\"\" data-start=\"426\" data-end=\"454\"><strong data-start=\"426\" data-end=\"454\"><span style=\"text-decoration: underline;\">Menu:<\/span><br \/><\/strong><br \/><strong>Starters<\/strong><\/p><ul><li><span class=\"a_GcMg font-feature-liga-off font-feature-clig-off font-feature-calt-off text-decoration-none text-strikethrough-none\">Kokonaisia leikattuja leikkeleit\u00e4 (M,G)<\/span><\/li><li><span class=\"a_GcMg font-feature-liga-off font-feature-clig-off font-feature-calt-off text-decoration-none text-strikethrough-none\">Marinoituja oliiveja (V,G)<\/span><\/li><li><span class=\"a_GcMg font-feature-liga-off font-feature-clig-off font-feature-calt-off text-decoration-none text-strikethrough-none\">S\u00e4il\u00f6ttyj\u00e4 kasviksia (V,G)<\/span><\/li><li><span class=\"a_GcMg font-feature-liga-off font-feature-clig-off font-feature-calt-off text-decoration-none text-strikethrough-none\">Raparperigraavattua merilohta (M,G)<\/span><\/li><li><span class=\"a_GcMg font-feature-liga-off font-feature-clig-off font-feature-calt-off text-decoration-none text-strikethrough-none\">Provolone arancinit (L,G)<\/span><\/li><li><span class=\"a_GcMg font-feature-liga-off font-feature-clig-off font-feature-calt-off text-decoration-none text-strikethrough-none\">Juustovalikoima, hilloa ja n\u00e4kk\u00e4ri\u00e4<\/span><\/li><li><span class=\"a_GcMg font-feature-liga-off font-feature-clig-off font-feature-calt-off text-decoration-none text-strikethrough-none\">Juureen leivottua sahrami foccacciaa<\/span><\/li><\/ul><p><strong><br \/>Warm dishes<\/strong><\/p><ul><li><span class=\"a_GcMg font-feature-liga-off font-feature-clig-off font-feature-calt-off text-decoration-none text-strikethrough-none\">Parsarisottoa (L, saa G)<\/span><\/li><li><span class=\"a_GcMg font-feature-liga-off font-feature-clig-off font-feature-calt-off text-decoration-none text-strikethrough-none\">Sitruunapastaa (L, saa G)<\/span><\/li><li><span class=\"a_GcMg font-feature-liga-off font-feature-clig-off font-feature-calt-off text-decoration-none text-strikethrough-none\">Gnoccheja pomodorokastikkeessa (L, saa G)<\/span><\/li><\/ul><p><strong><br \/>Dessert<\/strong><\/p><ul><li><span class=\"a_GcMg font-feature-liga-off font-feature-clig-off font-feature-calt-off text-decoration-none text-strikethrough-none\">Basilika pannacotta ja marinoitua mansikkaa (L,G, saa V)<\/span><\/li><li><span class=\"a_GcMg font-feature-liga-off font-feature-clig-off font-feature-calt-off text-decoration-none text-strikethrough-none\">Amarettikeksej\u00e4 (L,G)<\/span><\/li><\/ul><p><span style=\"text-decoration: underline;\"><strong><br \/>Menu price:<\/strong><\/span><br \/>55 \u20ac \/ hl\u00f6<\/p><p><em>Vegetarian option available on request<\/em><\/p>\t\t\t\t\t\t<\/div>\n\t\t\t\t<\/div>\n\t\t\t\t<\/div>\n\t\t<div class=\"elementor-element elementor-element-163e065f e-con-full e-flex e-con e-child\" data-id=\"163e065f\" data-element_type=\"container\">\n\t\t<div class=\"elementor-element elementor-element-74348b1 e-grid e-con-full e-con e-child\" data-id=\"74348b1\" data-element_type=\"container\">\n\t\t\t\t<div class=\"elementor-element elementor-element-1968152 elementor-align-right elementor-widget elementor-widget-button\" data-id=\"1968152\" data-element_type=\"widget\" data-widget_type=\"button.default\">\n\t\t\t\t<div class=\"elementor-widget-container\">\n\t\t\t\t\t<div class=\"elementor-button-wrapper\">\n\t\t\t<a class=\"elementor-button elementor-button-link elementor-size-sm\" href=\"https:\/\/retroenoteca.fi\/wp-content\/uploads\/2026\/04\/Retro-aitienpaiva.pdf\">\n\t\t\t\t\t\t<span class=\"elementor-button-content-wrapper\">\n\t\t\t\t\t\t\t\t\t<span class=\"elementor-button-text\">PRINT THE MENU<\/span>\n\t\t\t\t\t<\/span>\n\t\t\t\t\t<\/a>\n\t\t<\/div>\n\t\t\t\t<\/div>\n\t\t\t\t<\/div>\n\t\t\t\t<div class=\"elementor-element elementor-element-d31f211 elementor-align-left elementor-widget elementor-widget-button\" data-id=\"d31f211\" data-element_type=\"widget\" data-widget_type=\"button.default\">\n\t\t\t\t<div class=\"elementor-widget-container\">\n\t\t\t\t\t<div class=\"elementor-button-wrapper\">\n\t\t\t<a class=\"elementor-button elementor-button-link elementor-size-sm\" href=\"https:\/\/retroenoteca.fi\/en\/reservation\/\">\n\t\t\t\t\t\t<span class=\"elementor-button-content-wrapper\">\n\t\t\t\t\t\t\t\t\t<span class=\"elementor-button-text\">BOOK A TABLE<\/span>\n\t\t\t\t\t<\/span>\n\t\t\t\t\t<\/a>\n\t\t<\/div>\n\t\t\t\t<\/div>\n\t\t\t\t<\/div>\n\t\t\t\t<\/div>\n\t\t\t\t<div class=\"elementor-element elementor-element-24fbc5e elementor-widget elementor-widget-heading\" data-id=\"24fbc5e\" data-element_type=\"widget\" data-widget_type=\"heading.default\">\n\t\t\t\t<div class=\"elementor-widget-container\">\n\t\t\t<h5 class=\"elementor-heading-title elementor-size-default\">Tervetuloa meille juhlistamaan \u00e4itienp\u00e4iv\u00e4\u00e4! <\/h5>\t\t<\/div>\n\t\t\t\t<\/div>\n\t\t\t\t<div class=\"elementor-element elementor-element-a9ef890 elementor-widget-divider--view-line elementor-widget elementor-widget-divider\" data-id=\"a9ef890\" data-element_type=\"widget\" data-widget_type=\"divider.default\">\n\t\t\t\t<div class=\"elementor-widget-container\">\n\t\t\t<style>\/*! elementor - v3.23.0 - 05-08-2024 *\/\n.elementor-widget-divider{--divider-border-style:none;--divider-border-width:1px;--divider-color:#0c0d0e;--divider-icon-size:20px;--divider-element-spacing:10px;--divider-pattern-height:24px;--divider-pattern-size:20px;--divider-pattern-url:none;--divider-pattern-repeat:repeat-x}.elementor-widget-divider .elementor-divider{display:flex}.elementor-widget-divider .elementor-divider__text{font-size:15px;line-height:1;max-width:95%}.elementor-widget-divider .elementor-divider__element{margin:0 var(--divider-element-spacing);flex-shrink:0}.elementor-widget-divider .elementor-icon{font-size:var(--divider-icon-size)}.elementor-widget-divider .elementor-divider-separator{display:flex;margin:0;direction:ltr}.elementor-widget-divider--view-line_icon .elementor-divider-separator,.elementor-widget-divider--view-line_text .elementor-divider-separator{align-items:center}.elementor-widget-divider--view-line_icon .elementor-divider-separator:after,.elementor-widget-divider--view-line_icon .elementor-divider-separator:before,.elementor-widget-divider--view-line_text .elementor-divider-separator:after,.elementor-widget-divider--view-line_text .elementor-divider-separator:before{display:block;content:\"\";border-block-end:0;flex-grow:1;border-block-start:var(--divider-border-width) var(--divider-border-style) var(--divider-color)}.elementor-widget-divider--element-align-left .elementor-divider .elementor-divider-separator>.elementor-divider__svg:first-of-type{flex-grow:0;flex-shrink:100}.elementor-widget-divider--element-align-left .elementor-divider-separator:before{content:none}.elementor-widget-divider--element-align-left .elementor-divider__element{margin-left:0}.elementor-widget-divider--element-align-right .elementor-divider .elementor-divider-separator>.elementor-divider__svg:last-of-type{flex-grow:0;flex-shrink:100}.elementor-widget-divider--element-align-right .elementor-divider-separator:after{content:none}.elementor-widget-divider--element-align-right .elementor-divider__element{margin-right:0}.elementor-widget-divider--element-align-start .elementor-divider .elementor-divider-separator>.elementor-divider__svg:first-of-type{flex-grow:0;flex-shrink:100}.elementor-widget-divider--element-align-start .elementor-divider-separator:before{content:none}.elementor-widget-divider--element-align-start .elementor-divider__element{margin-inline-start:0}.elementor-widget-divider--element-align-end .elementor-divider .elementor-divider-separator>.elementor-divider__svg:last-of-type{flex-grow:0;flex-shrink:100}.elementor-widget-divider--element-align-end .elementor-divider-separator:after{content:none}.elementor-widget-divider--element-align-end .elementor-divider__element{margin-inline-end:0}.elementor-widget-divider:not(.elementor-widget-divider--view-line_text):not(.elementor-widget-divider--view-line_icon) .elementor-divider-separator{border-block-start:var(--divider-border-width) var(--divider-border-style) var(--divider-color)}.elementor-widget-divider--separator-type-pattern{--divider-border-style:none}.elementor-widget-divider--separator-type-pattern.elementor-widget-divider--view-line .elementor-divider-separator,.elementor-widget-divider--separator-type-pattern:not(.elementor-widget-divider--view-line) .elementor-divider-separator:after,.elementor-widget-divider--separator-type-pattern:not(.elementor-widget-divider--view-line) .elementor-divider-separator:before,.elementor-widget-divider--separator-type-pattern:not([class*=elementor-widget-divider--view]) .elementor-divider-separator{width:100%;min-height:var(--divider-pattern-height);-webkit-mask-size:var(--divider-pattern-size) 100%;mask-size:var(--divider-pattern-size) 100%;-webkit-mask-repeat:var(--divider-pattern-repeat);mask-repeat:var(--divider-pattern-repeat);background-color:var(--divider-color);-webkit-mask-image:var(--divider-pattern-url);mask-image:var(--divider-pattern-url)}.elementor-widget-divider--no-spacing{--divider-pattern-size:auto}.elementor-widget-divider--bg-round{--divider-pattern-repeat:round}.rtl .elementor-widget-divider .elementor-divider__text{direction:rtl}.e-con-inner>.elementor-widget-divider,.e-con>.elementor-widget-divider{width:var(--container-widget-width,100%);--flex-grow:var(--container-widget-flex-grow)}<\/style>\t\t<div class=\"elementor-divider\">\n\t\t\t<span class=\"elementor-divider-separator\">\n\t\t\t\t\t\t<\/span>\n\t\t<\/div>\n\t\t\t\t<\/div>\n\t\t\t\t<\/div>\n\t\t\t\t<\/div>\n\t\t\t\t<\/div>\n\t\t\t\t<\/div>\n\t\t<div class=\"elementor-element elementor-element-7141da74 e-flex e-con-boxed e-con e-parent\" data-id=\"7141da74\" data-element_type=\"container\">\n\t\t\t\t\t<div class=\"e-con-inner\">\n\t\t<div class=\"elementor-element elementor-element-90ada30 e-con-full e-flex e-con e-child\" data-id=\"90ada30\" data-element_type=\"container\" data-settings=\"{&quot;background_background&quot;:&quot;classic&quot;}\">\n\t\t\t\t<div class=\"elementor-element elementor-element-7ef2b12d elementor-widget elementor-widget-heading\" data-id=\"7ef2b12d\" data-element_type=\"widget\" data-widget_type=\"heading.default\">\n\t\t\t\t<div class=\"elementor-widget-container\">\n\t\t\t<h2 class=\"elementor-heading-title elementor-size-default\"><i>Subscribe to Retro Enoteca's Newsletter<\/i><\/h2>\t\t<\/div>\n\t\t\t\t<\/div>\n\t\t\t\t<div class=\"elementor-element elementor-element-75add781 elementor-widget elementor-widget-html\" data-id=\"75add781\" data-element_type=\"widget\" data-widget_type=\"html.default\">\n\t\t\t\t<div class=\"elementor-widget-container\">\n\t\t\t<center>\n  <div id=\"mc_embed_shell\">\n    <link href=\"\/\/cdn-images.mailchimp.com\/embedcode\/classic-061523.css\" rel=\"stylesheet\" type=\"text\/css\">\n    <style type=\"text\/css\">\n      #mc_embed_signup {\n        clear: left;\n        font: 14px Helvetica, Arial, sans-serif;\n        width: 100%; \/* Make width responsive *\/\n        max-width: 600px; \/* Limit the maximum width *\/\n        margin: 0 auto; \/* Center align *\/\n        padding: 20px; \/* Add some padding *\/\n        box-sizing: border-box; \/* Include padding in the width *\/\n      }\n\n      .mc-field-group {\n        width: 100%; \/* Full width for input fields *\/\n        margin-bottom: 15px; \/* Add spacing between elements *\/\n      }\n\n      .button {\n        background-color: #000; \/* Black background *\/\n        color: #fff; \/* White text *\/\n        font-size: 1.2rem; \/* Adjust font size *\/\n        font-weight: bold; \/* Bold text *\/\n        padding: 25px; \/* Padding around the text *\/\n        border: 2px solid #fff; \n        cursor: pointer; \/* Pointer cursor on hover *\/\n        text-transform: uppercase; \/* Uppercase text *\/\n        text-align: center; \/* Center text *\/\n        font-family: Arial, Helvetica, sans-serif; \/* Font styling *\/\n        outline: solid #ffffff \/* Remove default outline *\/\n        position: relative; \/* Needed for shadow effect *\/\n        transition: all 0.3s ease; \/* Smooth transition for hover effect *\/\n        box-shadow: -4px 3px 0px #333; \/* Shadow effect *\/\n      }\n\n      .button:hover {\n        background-color: #0056b3; \/* Optional: Add hover effect *\/\n      }\n\n      @media (max-width: 600px) {\n        #mc_embed_signup {\n          padding: 10px; \/* Reduce padding on smaller screens *\/\n        }\n      }\n    <\/style>\n    <div id=\"mc_embed_signup\">\n      <form action=\"https:\/\/smoothly.us9.list-manage.com\/subscribe\/post?u=1aff9887f462c884c5c0b4c35&amp;id=24d241cd8e&amp;f_id=00cd6ee1f0\" method=\"post\" id=\"mc-embedded-subscribe-form\" name=\"mc-embedded-subscribe-form\" class=\"validate\" target=\"_blank\">\n        <div id=\"mc_embed_signup_scroll\">\n          \n          <div class=\"mc-field-group\">\n            <label for=\"mce-EMAIL\">Email <span class=\"asterisk\">*<\/span><\/label>\n            <input type=\"email\" name=\"EMAIL\" class=\"required email\" id=\"mce-EMAIL\" required=\"\" value=\"\" style=\"width: 100%; padding: 10px; box-sizing: border-box;\">\n          <\/div>\n          <div hidden=\"\">\n            <input type=\"hidden\" name=\"tags\" value=\"12980300\">\n          <\/div>\n          <div id=\"mce-responses\" class=\"clear\">\n            <div class=\"response\" id=\"mce-error-response\" style=\"display: none;\"><\/div>\n            <div class=\"response\" id=\"mce-success-response\" style=\"display: none;\"><\/div>\n          <\/div>\n          <div style=\"position: absolute; left: -5000px;\" aria-hidden=\"true\">\n            <input type=\"text\" name=\"b_1aff9887f462c884c5c0b4c35_24d241cd8e\" tabindex=\"-1\" value=\"\">\n          <\/div>\n          <div class=\"clear\">\n            <input type=\"submit\" name=\"subscribe\" id=\"mc-embedded-subscribe\" class=\"button\" value=\"Subscribe\">\n          <\/div>\n        <\/div>\n      <\/form>\n    <\/div>\n    <script type=\"text\/javascript\" src=\"\/\/s3.amazonaws.com\/downloads.mailchimp.com\/js\/mc-validate.js\"><\/script>\n    <script type=\"text\/javascript\">\n      (function($) {\n        window.fnames = new Array();\n        window.ftypes = new Array();\n        fnames[0] = 'EMAIL';\n        ftypes[0] = 'email';\n        \/*\n         * Translated default messages for the $ validation plugin.\n         * Locale: FI\n         *\/\n        $.extend($.validator.messages, {\n          required: \"T&auml;m&auml; kentt&auml; on pakollinen.\",\n          maxlength: $.validator.format(\"Voit sy&ouml;tt&auml;&auml; enint&auml;&auml;n {0} merkki&auml;.\"),\n          minlength: $.validator.format(\"V&auml;hint&auml;&auml;n {0} merkki&auml;.\"),\n          rangelength: $.validator.format(\"Sy&ouml;t&auml; v&auml;hint&auml;&auml;n {0} ja enint&auml;&auml;n {1} merkki&auml;.\"),\n          email: \"Sy&ouml;t&auml; oikea s&auml;hk&ouml;postiosoite.\",\n          url: \"Sy&ouml;t&auml; oikea URL osoite.\",\n          date: \"Sy&ouml;t&auml; oike p&auml;iv&auml;m&auml;&auml;r&auml;.\",\n          dateISO: \"Sy&ouml;t&auml; oike p&auml;iv&auml;m&auml;&auml;r&auml; (VVVV-MM-DD).\",\n          number: \"Sy&ouml;t&auml; numero.\",\n          digits: \"Sy&ouml;t&auml; pelk&auml;st&auml;&auml;n numeroita.\",\n          equalTo: \"Sy&ouml;t&auml; sama arvo uudestaan.\",\n          range: $.validator.format(\"Sy&ouml;t&auml; arvo {0} ja {1} v&auml;lilt&auml;.\"),\n          max: $.validator.format(\"Sy&ouml;t&auml; arvo joka on yht&auml; suuri tai suurempi kuin {0}.\"),\n          min: $.validator.format(\"Sy&ouml;t&auml; arvo joka on pienempi tai yht&auml; suuri kuin {0}.\"),\n          creditcard: \"Sy&ouml;t&auml; voimassa oleva luottokorttinumero.\"\n        });\n      }(jQuery));\n      var $mcj = jQuery.noConflict(true);\n    <\/script>\n  <\/div>\n<\/center>\n\t\t<\/div>\n\t\t\t\t<\/div>\n\t\t\t\t<\/div>\n\t\t\t\t\t<\/div>\n\t\t\t\t<\/div>\n\t\t\t\t<\/div>","protected":false},"excerpt":{"rendered":"<p>Retro Enotecan \u00c4itienp\u00e4iv\u00e4 T\u00e4n\u00e4 \u00e4itienp\u00e4iv\u00e4n\u00e4 katamme p\u00f6yd\u00e4n t\u00e4yteen italialaista makua ja huolettoman juhlap\u00e4iv\u00e4n tunnelmaa. Retron \u00e4itienp\u00e4iv\u00e4menu tarjoillaan p\u00f6ytiin, jaettavassa muodossa seurueen kesken. Antipasteja, l\u00e4mpimi\u00e4 ruokia ja makea p\u00e4\u00e4t\u00f6s \u2013 kaikki valmistettu sesongin mauista! \ud83c\udf4b \u00c4itienp\u00e4iv\u00e4n kattaus italialaiseen tyyliin Su 10.5 klo 11 alkaen Menu sis\u00e4lt\u00e4\u00e4:Alkuun Kokonaisia leikattuja leikkeleit\u00e4 (M,G) Marinoituja oliiveja (V,G) S\u00e4il\u00f6ttyj\u00e4 kasviksia (V,G) [&hellip;]<\/p>","protected":false},"author":3,"featured_media":0,"parent":0,"menu_order":0,"comment_status":"closed","ping_status":"closed","template":"","meta":{"rank_math_lock_modified_date":false,"_improvement_type_select":"improve_an_existing","_thumb_yes_seoaic":false,"_frame_yes_seoaic":false,"seoaic_generate_description":"","seoaic_improve_instructions_prompt":"","seoaic_rollback_content_improvement":"","seoaic_idea_thumbnail_generator":"","thumbnail_generated":false,"thumbnail_generate_prompt":"","seoaic_article_description":"","footnotes":""},"class_list":["post-3498","page","type-page","status-publish","hentry"],"_links":{"self":[{"href":"https:\/\/retroenoteca.fi\/en\/wp-json\/wp\/v2\/pages\/3498","targetHints":{"allow":["GET"]}}],"collection":[{"href":"https:\/\/retroenoteca.fi\/en\/wp-json\/wp\/v2\/pages"}],"about":[{"href":"https:\/\/retroenoteca.fi\/en\/wp-json\/wp\/v2\/types\/page"}],"author":[{"embeddable":true,"href":"https:\/\/retroenoteca.fi\/en\/wp-json\/wp\/v2\/users\/3"}],"replies":[{"embeddable":true,"href":"https:\/\/retroenoteca.fi\/en\/wp-json\/wp\/v2\/comments?post=3498"}],"version-history":[{"count":0,"href":"https:\/\/retroenoteca.fi\/en\/wp-json\/wp\/v2\/pages\/3498\/revisions"}],"wp:attachment":[{"href":"https:\/\/retroenoteca.fi\/en\/wp-json\/wp\/v2\/media?parent=3498"}],"curies":[{"name":"wp","href":"https:\/\/api.w.org\/{rel}","templated":true}]}}