{"id":736,"date":"2024-09-20T16:52:13","date_gmt":"2024-09-20T14:52:13","guid":{"rendered":"https:\/\/retroenoteca.fi\/?page_id=736"},"modified":"2026-04-17T08:07:13","modified_gmt":"2026-04-17T06:07:13","slug":"lauantailounas","status":"publish","type":"page","link":"https:\/\/retroenoteca.fi\/en\/lauantailounas\/","title":{"rendered":"Saturday lunch"},"content":{"rendered":"<div data-elementor-type=\"wp-page\" data-elementor-id=\"736\" class=\"elementor elementor-736\" data-elementor-post-type=\"page\">\n\t\t\t\t<div class=\"elementor-element elementor-element-52f492b e-con-full e-flex e-con e-parent\" data-id=\"52f492b\" data-element_type=\"container\" data-settings=\"{&quot;background_background&quot;:&quot;classic&quot;}\">\n\t\t<div class=\"elementor-element elementor-element-44a51364 e-con-full e-flex e-con e-child\" data-id=\"44a51364\" data-element_type=\"container\">\n\t\t\t\t<div class=\"elementor-element elementor-element-76f1a04 elementor-widget elementor-widget-heading\" data-id=\"76f1a04\" data-element_type=\"widget\" data-widget_type=\"heading.default\">\n\t\t\t\t<div class=\"elementor-widget-container\">\n\t\t\t<style>\/*! elementor - v3.23.0 - 05-08-2024 *\/\n.elementor-heading-title{padding:0;margin:0;line-height:1}.elementor-widget-heading .elementor-heading-title[class*=elementor-size-]>a{color:inherit;font-size:inherit;line-height:inherit}.elementor-widget-heading .elementor-heading-title.elementor-size-small{font-size:15px}.elementor-widget-heading .elementor-heading-title.elementor-size-medium{font-size:19px}.elementor-widget-heading .elementor-heading-title.elementor-size-large{font-size:29px}.elementor-widget-heading .elementor-heading-title.elementor-size-xl{font-size:39px}.elementor-widget-heading .elementor-heading-title.elementor-size-xxl{font-size:59px}<\/style><h1 class=\"elementor-heading-title elementor-size-default\"><i>Saturday lunch<\/i><\/h1>\t\t<\/div>\n\t\t\t\t<\/div>\n\t\t\t\t<div class=\"elementor-element elementor-element-9d11735 elementor-widget elementor-widget-heading\" data-id=\"9d11735\" data-element_type=\"widget\" data-widget_type=\"heading.default\">\n\t\t\t\t<div class=\"elementor-widget-container\">\n\t\t\t<h2 class=\"elementor-heading-title elementor-size-default\">On Saturdays 12-15\n<\/h2>\t\t<\/div>\n\t\t\t\t<\/div>\n\t\t\t\t<\/div>\n\t\t\t\t<\/div>\n\t\t<div class=\"elementor-element elementor-element-351471d7 e-con-full e-flex e-con e-parent\" data-id=\"351471d7\" data-element_type=\"container\" data-settings=\"{&quot;background_background&quot;:&quot;classic&quot;}\">\n\t\t<div class=\"elementor-element elementor-element-6c59ac9e e-con-full e-flex e-con e-child\" data-id=\"6c59ac9e\" data-element_type=\"container\" data-settings=\"{&quot;background_background&quot;:&quot;classic&quot;}\">\n\t\t\t\t<div class=\"elementor-element elementor-element-56aa541 elementor-widget elementor-widget-heading\" data-id=\"56aa541\" data-element_type=\"widget\" data-widget_type=\"heading.default\">\n\t\t\t\t<div class=\"elementor-widget-container\">\n\t\t\t<h2 class=\"elementor-heading-title elementor-size-default\">Menu 18.4.<\/h2>\t\t<\/div>\n\t\t\t\t<\/div>\n\t\t<div class=\"elementor-element elementor-element-8b7264d e-con-full e-flex e-con e-child\" data-id=\"8b7264d\" data-element_type=\"container\">\n\t\t\t\t<div class=\"elementor-element elementor-element-ba09426 elementor-widget elementor-widget-text-editor\" data-id=\"ba09426\" data-element_type=\"widget\" data-widget_type=\"text-editor.default\">\n\t\t\t\t<div class=\"elementor-widget-container\">\n\t\t\t<style>\/*! elementor - v3.23.0 - 05-08-2024 *\/\n.elementor-widget-text-editor.elementor-drop-cap-view-stacked .elementor-drop-cap{background-color:#69727d;color:#fff}.elementor-widget-text-editor.elementor-drop-cap-view-framed .elementor-drop-cap{color:#69727d;border:3px solid;background-color:transparent}.elementor-widget-text-editor:not(.elementor-drop-cap-view-default) .elementor-drop-cap{margin-top:8px}.elementor-widget-text-editor:not(.elementor-drop-cap-view-default) .elementor-drop-cap-letter{width:1em;height:1em}.elementor-widget-text-editor .elementor-drop-cap{float:left;text-align:center;line-height:1;font-size:50px}.elementor-widget-text-editor .elementor-drop-cap-letter{display:inline-block}<\/style>\t\t\t\t<p><em><strong>Sat 12:00-15:00<\/strong><\/em><\/p>\t\t\t\t\t\t<\/div>\n\t\t\t\t<\/div>\n\t\t\t\t<\/div>\n\t\t<div class=\"elementor-element elementor-element-e048265 e-con-full e-flex e-con e-child\" data-id=\"e048265\" data-element_type=\"container\">\n\t\t\t\t<div class=\"elementor-element elementor-element-d5fbb21 elementor-widget elementor-widget-text-editor\" data-id=\"d5fbb21\" data-element_type=\"widget\" data-widget_type=\"text-editor.default\">\n\t\t\t\t<div class=\"elementor-widget-container\">\n\t\t\t\t\t\t\t<div><div><div><div><div><div><div><div><div><div><div><div><div><div><div><div><p><strong>Vitello tartar<\/strong> (L,G) 11,50\u20ac<\/p><\/div><\/div><div><div><p><strong>Asparagus Risotto<\/strong> (L,G) 16,50\u20ac<\/p><\/div><\/div><div><div><p><strong>Risotto Carbonara<\/strong> (L,G) 16,50\u20ac<\/p><\/div><\/div><div><div><div><p><strong>Lemon pasta<\/strong> (L, ask G) 16,50\u20ac<br \/><em>With pasta made in-house<\/em><\/p><\/div><\/div><\/div><div><div><div><p><strong>Slow-cooked Oxtail Bolognese<\/strong> (L, ask G) 16,50\u20ac<br \/><em>With pasta made in-house<\/em><\/p><p><strong>Lemongrass Panna cotta<\/strong> (L,G) 9\u20ac<\/p><\/div><\/div><\/div><\/div><\/div><\/div><\/div><\/div><\/div><\/div><\/div><\/div><\/div><\/div><\/div><\/div><\/div>\t\t\t\t\t\t<\/div>\n\t\t\t\t<\/div>\n\t\t\t\t<\/div>\n\t\t<div class=\"elementor-element elementor-element-6ffa4d6 e-con-full e-flex e-con e-child\" data-id=\"6ffa4d6\" data-element_type=\"container\">\n\t\t\t\t<div class=\"elementor-element elementor-element-f9ff538 elementor-widget elementor-widget-text-editor\" data-id=\"f9ff538\" data-element_type=\"widget\" data-widget_type=\"text-editor.default\">\n\t\t\t\t<div class=\"elementor-widget-container\">\n\t\t\t\t\t\t\t<p><em><strong>3 courses 32,90\u20ac<\/strong><\/em><\/p>\t\t\t\t\t\t<\/div>\n\t\t\t\t<\/div>\n\t\t\t\t<div class=\"elementor-element elementor-element-8eda874 elementor-widget elementor-widget-text-editor\" data-id=\"8eda874\" data-element_type=\"widget\" data-widget_type=\"text-editor.default\">\n\t\t\t\t<div class=\"elementor-widget-container\">\n\t\t\t\t\t\t\t<p><em>Lunch includes <br \/>freshly baked bread, water and coffee<\/em><\/p>\t\t\t\t\t\t<\/div>\n\t\t\t\t<\/div>\n\t\t\t\t<\/div>\n\t\t<div class=\"elementor-element elementor-element-1117c91 e-con-full e-flex e-con e-child\" data-id=\"1117c91\" data-element_type=\"container\">\n\t\t<div class=\"elementor-element elementor-element-9594250 e-grid e-con-full e-con e-child\" data-id=\"9594250\" data-element_type=\"container\">\n\t\t\t\t<div class=\"elementor-element elementor-element-2a20498 elementor-align-right elementor-mobile-align-center elementor-widget__width-inherit elementor-widget elementor-widget-button\" data-id=\"2a20498\" data-element_type=\"widget\" data-settings=\"{&quot;sticky&quot;:&quot;top&quot;,&quot;sticky_on&quot;:[],&quot;sticky_offset&quot;:0,&quot;sticky_effects_offset&quot;:0}\" data-widget_type=\"button.default\">\n\t\t\t\t<div class=\"elementor-widget-container\">\n\t\t\t\t\t<div class=\"elementor-button-wrapper\">\n\t\t\t<a class=\"elementor-button elementor-button-link elementor-size-sm\" href=\"https:\/\/retroenoteca.fi\/wp-content\/uploads\/2026\/04\/Lauantailounas-vko-16.pdf\">\n\t\t\t\t\t\t<span class=\"elementor-button-content-wrapper\">\n\t\t\t\t\t\t\t\t\t<span class=\"elementor-button-text\">PRINT THE MENU<\/span>\n\t\t\t\t\t<\/span>\n\t\t\t\t\t<\/a>\n\t\t<\/div>\n\t\t\t\t<\/div>\n\t\t\t\t<\/div>\n\t\t\t\t<div class=\"elementor-element elementor-element-1538c3e elementor-align-left elementor-mobile-align-center elementor-widget elementor-widget-button\" data-id=\"1538c3e\" data-element_type=\"widget\" data-settings=\"{&quot;sticky&quot;:&quot;top&quot;,&quot;sticky_on&quot;:[],&quot;sticky_offset&quot;:0,&quot;sticky_effects_offset&quot;:0}\" data-widget_type=\"button.default\">\n\t\t\t\t<div class=\"elementor-widget-container\">\n\t\t\t\t\t<div class=\"elementor-button-wrapper\">\n\t\t\t<a class=\"elementor-button elementor-button-link elementor-size-sm\" href=\"\/en\/reservation\/\">\n\t\t\t\t\t\t<span class=\"elementor-button-content-wrapper\">\n\t\t\t\t\t\t\t\t\t<span class=\"elementor-button-text\">BOOK A TABLE<\/span>\n\t\t\t\t\t<\/span>\n\t\t\t\t\t<\/a>\n\t\t<\/div>\n\t\t\t\t<\/div>\n\t\t\t\t<\/div>\n\t\t\t\t<\/div>\n\t\t\t\t<div class=\"elementor-element elementor-element-dbea538 elementor-widget elementor-widget-text-editor\" data-id=\"dbea538\" data-element_type=\"widget\" data-widget_type=\"text-editor.default\">\n\t\t\t\t<div class=\"elementor-widget-container\">\n\t\t\t\t\t\t\t<p><em>\u00a0<\/em><\/p>\t\t\t\t\t\t<\/div>\n\t\t\t\t<\/div>\n\t\t\t\t<\/div>\n\t\t\t\t<\/div>\n\t\t\t\t<\/div>\n\t\t<div class=\"elementor-element elementor-element-9d44efa e-con-full e-flex e-con e-child\" data-id=\"9d44efa\" data-element_type=\"container\">\n\t\t\t\t<\/div>\n\t\t<div class=\"elementor-element elementor-element-1303fd9a e-flex e-con-boxed e-con e-parent\" data-id=\"1303fd9a\" data-element_type=\"container\">\n\t\t\t\t\t<div class=\"e-con-inner\">\n\t\t<div class=\"elementor-element elementor-element-529aacbb e-con-full e-flex e-con e-child\" data-id=\"529aacbb\" data-element_type=\"container\" data-settings=\"{&quot;background_background&quot;:&quot;classic&quot;}\">\n\t\t\t\t<div class=\"elementor-element elementor-element-7457549c elementor-widget elementor-widget-heading\" data-id=\"7457549c\" data-element_type=\"widget\" data-widget_type=\"heading.default\">\n\t\t\t\t<div class=\"elementor-widget-container\">\n\t\t\t<h2 class=\"elementor-heading-title elementor-size-default\"><i>Subscribe to Retro Enoteca's Newsletter<\/i><\/h2>\t\t<\/div>\n\t\t\t\t<\/div>\n\t\t\t\t<div class=\"elementor-element elementor-element-35e0589f elementor-widget elementor-widget-html\" data-id=\"35e0589f\" data-element_type=\"widget\" data-widget_type=\"html.default\">\n\t\t\t\t<div class=\"elementor-widget-container\">\n\t\t\t<center>\n  <div id=\"mc_embed_shell\">\n    <link href=\"\/\/cdn-images.mailchimp.com\/embedcode\/classic-061523.css\" rel=\"stylesheet\" type=\"text\/css\">\n    <style type=\"text\/css\">\n      #mc_embed_signup {\n        clear: left;\n        font: 14px Helvetica, Arial, sans-serif;\n        width: 100%; \/* Make width responsive *\/\n        max-width: 600px; \/* Limit the maximum width *\/\n        margin: 0 auto; \/* Center align *\/\n        padding: 20px; \/* Add some padding *\/\n        box-sizing: border-box; \/* Include padding in the width *\/\n      }\n\n      .mc-field-group {\n        width: 100%; \/* Full width for input fields *\/\n        margin-bottom: 15px; \/* Add spacing between elements *\/\n      }\n\n      .button {\n        background-color: #000; \/* Black background *\/\n        color: #fff; \/* White text *\/\n        font-size: 1.2rem; \/* Adjust font size *\/\n        font-weight: bold; \/* Bold text *\/\n        padding: 25px; \/* Padding around the text *\/\n        border: 2px solid #fff; \n        cursor: pointer; \/* Pointer cursor on hover *\/\n        text-transform: uppercase; \/* Uppercase text *\/\n        text-align: center; \/* Center text *\/\n        font-family: Arial, Helvetica, sans-serif; \/* Font styling *\/\n        outline: solid #ffffff \/* Remove default outline *\/\n        position: relative; \/* Needed for shadow effect *\/\n        transition: all 0.3s ease; \/* Smooth transition for hover effect *\/\n        box-shadow: -4px 3px 0px #333; \/* Shadow effect *\/\n      }\n\n      .button:hover {\n        background-color: #0056b3; \/* Optional: Add hover effect *\/\n      }\n\n      @media (max-width: 600px) {\n        #mc_embed_signup {\n          padding: 10px; \/* Reduce padding on smaller screens *\/\n        }\n      }\n    <\/style>\n    <div id=\"mc_embed_signup\">\n      <form action=\"https:\/\/smoothly.us9.list-manage.com\/subscribe\/post?u=1aff9887f462c884c5c0b4c35&amp;id=24d241cd8e&amp;f_id=00cd6ee1f0\" method=\"post\" id=\"mc-embedded-subscribe-form\" name=\"mc-embedded-subscribe-form\" class=\"validate\" target=\"_blank\">\n        <div id=\"mc_embed_signup_scroll\">\n          \n          <div class=\"mc-field-group\">\n            <label for=\"mce-EMAIL\">Email <span class=\"asterisk\">*<\/span><\/label>\n            <input type=\"email\" name=\"EMAIL\" class=\"required email\" id=\"mce-EMAIL\" required=\"\" value=\"\" style=\"width: 100%; padding: 10px; box-sizing: border-box;\">\n          <\/div>\n          <div hidden=\"\">\n            <input type=\"hidden\" name=\"tags\" value=\"12980300\">\n          <\/div>\n          <div id=\"mce-responses\" class=\"clear\">\n            <div class=\"response\" id=\"mce-error-response\" style=\"display: none;\"><\/div>\n            <div class=\"response\" id=\"mce-success-response\" style=\"display: none;\"><\/div>\n          <\/div>\n          <div style=\"position: absolute; left: -5000px;\" aria-hidden=\"true\">\n            <input type=\"text\" name=\"b_1aff9887f462c884c5c0b4c35_24d241cd8e\" tabindex=\"-1\" value=\"\">\n          <\/div>\n          <div class=\"clear\">\n            <input type=\"submit\" name=\"subscribe\" id=\"mc-embedded-subscribe\" class=\"button\" value=\"Subscribe\">\n          <\/div>\n        <\/div>\n      <\/form>\n    <\/div>\n    <script type=\"text\/javascript\" src=\"\/\/s3.amazonaws.com\/downloads.mailchimp.com\/js\/mc-validate.js\"><\/script>\n    <script type=\"text\/javascript\">\n      (function($) {\n        window.fnames = new Array();\n        window.ftypes = new Array();\n        fnames[0] = 'EMAIL';\n        ftypes[0] = 'email';\n        \/*\n         * Translated default messages for the $ validation plugin.\n         * Locale: FI\n         *\/\n        $.extend($.validator.messages, {\n          required: \"T&auml;m&auml; kentt&auml; on pakollinen.\",\n          maxlength: $.validator.format(\"Voit sy&ouml;tt&auml;&auml; enint&auml;&auml;n {0} merkki&auml;.\"),\n          minlength: $.validator.format(\"V&auml;hint&auml;&auml;n {0} merkki&auml;.\"),\n          rangelength: $.validator.format(\"Sy&ouml;t&auml; v&auml;hint&auml;&auml;n {0} ja enint&auml;&auml;n {1} merkki&auml;.\"),\n          email: \"Sy&ouml;t&auml; oikea s&auml;hk&ouml;postiosoite.\",\n          url: \"Sy&ouml;t&auml; oikea URL osoite.\",\n          date: \"Sy&ouml;t&auml; oike p&auml;iv&auml;m&auml;&auml;r&auml;.\",\n          dateISO: \"Sy&ouml;t&auml; oike p&auml;iv&auml;m&auml;&auml;r&auml; (VVVV-MM-DD).\",\n          number: \"Sy&ouml;t&auml; numero.\",\n          digits: \"Sy&ouml;t&auml; pelk&auml;st&auml;&auml;n numeroita.\",\n          equalTo: \"Sy&ouml;t&auml; sama arvo uudestaan.\",\n          range: $.validator.format(\"Sy&ouml;t&auml; arvo {0} ja {1} v&auml;lilt&auml;.\"),\n          max: $.validator.format(\"Sy&ouml;t&auml; arvo joka on yht&auml; suuri tai suurempi kuin {0}.\"),\n          min: $.validator.format(\"Sy&ouml;t&auml; arvo joka on pienempi tai yht&auml; suuri kuin {0}.\"),\n          creditcard: \"Sy&ouml;t&auml; voimassa oleva luottokorttinumero.\"\n        });\n      }(jQuery));\n      var $mcj = jQuery.noConflict(true);\n    <\/script>\n  <\/div>\n<\/center>\n\t\t<\/div>\n\t\t\t\t<\/div>\n\t\t\t\t<\/div>\n\t\t\t\t\t<\/div>\n\t\t\t\t<\/div>\n\t\t\t\t<\/div>","protected":false},"excerpt":{"rendered":"<p>Lauantailounas Lauantaisin klo 12-15 Menu 18.4. La klo 12-15 Vitello tartar (L,G) 11,50\u20ac Parsarisotto (L,G) 16,50\u20ac Risotto Carbonara (L,G) 16,50\u20ac Sitruunapasta (L, saa G) 16,50\u20acTalon itsetehdyst\u00e4 pastasta Pitk\u00e4\u00e4n haudutettu h\u00e4r\u00e4nh\u00e4nt\u00e4-bolognese (L, saa G) 16,50\u20acTalon itsetehdyst\u00e4 pastasta Sitruunaruoho pannacotta (L,G) 9\u20ac 3 ruokalajia 32,90\u20ac Lounaaseen sis\u00e4ltyy vasta-leivottu talon leip\u00e4, vesi ja kahvi TULOSTETTAVA MENU VARAA P\u00d6YT\u00c4 [&hellip;]<\/p>","protected":false},"author":1,"featured_media":0,"parent":0,"menu_order":0,"comment_status":"closed","ping_status":"closed","template":"","meta":{"rank_math_lock_modified_date":false,"_improvement_type_select":"improve_an_existing","_thumb_yes_seoaic":false,"_frame_yes_seoaic":false,"seoaic_generate_description":"","seoaic_improve_instructions_prompt":"","seoaic_rollback_content_improvement":"","seoaic_idea_thumbnail_generator":"","thumbnail_generated":false,"thumbnail_generate_prompt":"","seoaic_article_description":"","footnotes":""},"class_list":["post-736","page","type-page","status-publish","hentry"],"_links":{"self":[{"href":"https:\/\/retroenoteca.fi\/en\/wp-json\/wp\/v2\/pages\/736","targetHints":{"allow":["GET"]}}],"collection":[{"href":"https:\/\/retroenoteca.fi\/en\/wp-json\/wp\/v2\/pages"}],"about":[{"href":"https:\/\/retroenoteca.fi\/en\/wp-json\/wp\/v2\/types\/page"}],"author":[{"embeddable":true,"href":"https:\/\/retroenoteca.fi\/en\/wp-json\/wp\/v2\/users\/1"}],"replies":[{"embeddable":true,"href":"https:\/\/retroenoteca.fi\/en\/wp-json\/wp\/v2\/comments?post=736"}],"version-history":[{"count":0,"href":"https:\/\/retroenoteca.fi\/en\/wp-json\/wp\/v2\/pages\/736\/revisions"}],"wp:attachment":[{"href":"https:\/\/retroenoteca.fi\/en\/wp-json\/wp\/v2\/media?parent=736"}],"curies":[{"name":"wp","href":"https:\/\/api.w.org\/{rel}","templated":true}]}}